{"id":4755,"date":"2017-05-04T00:00:00","date_gmt":"2017-05-04T02:00:00","guid":{"rendered":"http:\/\/pre.boxrepsol.com\/nsr500-criville\/"},"modified":"2022-09-20T06:00:31","modified_gmt":"2022-09-20T08:00:31","slug":"nsr500-criville","status":"publish","type":"page","link":"http:\/\/pre.boxrepsol.com\/en\/the-6-world-champion-bikes\/nsr500-criville\/","title":{"rendered":"NSR 500 Crivill\u00e9"},"content":{"rendered":"<div id=\"cont-motos-leyenda\" class=\"ficha-moto estirar\">\n   <!-- ====== CABECERA DE LA FICHA ===== --><\/p>\n<div class=\"cab-ficha estirar\">\n<h2>\n<a href=\"\/en\/the-6-world-champion-bikes\/\"><img decoding=\"async\" src=\"http:\/\/pre.boxrepsol.com\/wp-content\/themes\/theme-boxrepsol-child\/static\/images\/motos-campeonas\/titular-6-motos-campeonas-en.png\" alt=\"The 6 champion bikes\"><\/a><\/h2>\n<ul class=\"nav-motos estirar\">\n<li class=\"me-3 me-md-0 ms-2 ms-md-0\"><a class=\"relmob\" href=\"\/en\/the-6-world-champion-bikes\/nsr500-doohan\/\"><span>Doohan<\/span><img decoding=\"async\" src=\"http:\/\/pre.boxrepsol.com\/wp-content\/themes\/theme-boxrepsol-child\/static\/images\/motos-campeonas\/motos\/min\/moto_02.png\" alt=\"Doohan\"><br \/>\n<\/a><\/li>\n<li class=\"me-3 me-md-0 ms-2 ms-md-0\"><a class=\"relmob active\" href=\"\/en\/the-6-world-champion-bikes\/nsr500-criville\/\"><span>Crivill\u00e9<\/span><img decoding=\"async\" src=\"http:\/\/pre.boxrepsol.com\/wp-content\/themes\/theme-boxrepsol-child\/static\/images\/motos-campeonas\/motos\/min\/moto_01.png\" alt=\"Crivill\u00e9\"><\/a><\/li>\n<li class=\"me-3 me-md-0 ms-2 ms-md-0\"><a class=\"relmob\" href=\"\/en\/the-6-world-champion-bikes\/rc211v-rossi\/\"><span>Rossi<\/span><img decoding=\"async\" src=\"http:\/\/pre.boxrepsol.com\/wp-content\/themes\/theme-boxrepsol-child\/static\/images\/motos-campeonas\/motos\/min\/moto_05.png\" alt=\"Rossi\"><br \/>\n<\/a><\/li>\n<li class=\"me-3 me-md-0 ms-2 ms-md-0\"><a class=\"relmob\" href=\"\/en\/the-6-world-champion-bikes\/rc211v-hayden\/\"><span>Hayden<\/span><img decoding=\"async\" src=\"http:\/\/pre.boxrepsol.com\/wp-content\/themes\/theme-boxrepsol-child\/static\/images\/motos-campeonas\/motos\/min\/moto_03.png\" alt=\"Hayden\"><\/a><\/li>\n<li class=\"me-3 me-md-0 ms-2 ms-md-0\"><a class=\"relmob\" href=\"\/en\/the-6-world-champion-bikes\/rc212v-stoner\/\"><span>Stoner<\/span><img decoding=\"async\" src=\"http:\/\/pre.boxrepsol.com\/wp-content\/themes\/theme-boxrepsol-child\/static\/images\/motos-campeonas\/motos\/min\/moto_06.png\" alt=\"Stoner\"><\/a><\/li>\n<li class=\"me-3 me-md-0 ms-2 ms-md-0\"><a class=\"relmob\" href=\"\/en\/the-6-world-champion-bikes\/rc213v-marquez\/\"><span>M\u00e1rquez<\/span><img decoding=\"async\" src=\"http:\/\/pre.boxrepsol.com\/wp-content\/themes\/theme-boxrepsol-child\/static\/images\/motos-campeonas\/motos\/min\/moto_04.png\" alt=\"M\u00e1rquez\"><\/a><\/li>\n<\/ul>\n<\/div>\n<p><!-- ====== CABECERA DE LA FICHA ===== --><\/p>\n<div class=\"cont-ficha\">\n<div class=\"detalles-ficha\">\n<h3>Honda <strong>NSR 500<\/strong> (1999)<\/h3>\n<p>In addition to Mick Doohan, if there is another rider who fans associate with the NSR500, it is \u00c1lex Crivill\u00e9. His 1999 world title marked a <strong>historic milestone for Spanish motorcycling<\/strong>.<\/p>\n<\/div>\n<div class=\"galeria estirar\">\n<div class=\"\">\n<div class=\"foto\">\n                    <a href=\"http:\/\/pre.boxrepsol.com\/wp-content\/themes\/theme-boxrepsol-child\/static\/images\/motos-campeonas\/motos\/criville\/grandes\/01.jpg\" id=\"zoom\" class=\"push__datalayer\" data-gallery=\"\" title=\"Honda NSR 500\"><br \/>\n<img decoding=\"async\" src=\"http:\/\/pre.boxrepsol.com\/wp-content\/themes\/theme-boxrepsol-child\/static\/images\/motos-campeonas\/motos\/criville\/01.png\" alt=\"NSR 500\"><br \/>\n<\/a><\/div>\n<\/div>\n<div class=\"\">\n<ul>\n<li><a href=\"#\" data-image-src=\"http:\/\/pre.boxrepsol.com\/wp-content\/themes\/theme-boxrepsol-child\/static\/images\/motos-campeonas\/motos\/criville\/01.png\" data-image-zoom=\"http:\/\/pre.boxrepsol.com\/wp-content\/themes\/theme-boxrepsol-child\/static\/images\/motos-campeonas\/motos\/criville\/grandes\/01.jpg\" rel=\"nofollow\" class=\"replace-zoom\"><img decoding=\"async\" src=\"http:\/\/pre.boxrepsol.com\/wp-content\/themes\/theme-boxrepsol-child\/static\/images\/motos-campeonas\/motos\/criville\/mini\/01.jpg\" alt=\"NSR 500\"><\/a><\/li>\n<li><a href=\"#\" data-image-src=\"http:\/\/pre.boxrepsol.com\/wp-content\/themes\/theme-boxrepsol-child\/static\/images\/motos-campeonas\/motos\/criville\/02.png\" data-image-zoom=\"http:\/\/pre.boxrepsol.com\/wp-content\/themes\/theme-boxrepsol-child\/static\/images\/motos-campeonas\/motos\/criville\/grandes\/02.jpg\" rel=\"nofollow\" class=\"replace-zoom\"><img decoding=\"async\" src=\"http:\/\/pre.boxrepsol.com\/wp-content\/themes\/theme-boxrepsol-child\/static\/images\/motos-campeonas\/motos\/criville\/mini\/02.jpg\" alt=\"NSR 500\"><\/a><\/li>\n<li class=\"no-margin\"><a href=\"#\" data-image-src=\"http:\/\/pre.boxrepsol.com\/wp-content\/themes\/theme-boxrepsol-child\/static\/images\/motos-campeonas\/motos\/criville\/03.png\" data-image-zoom=\"http:\/\/pre.boxrepsol.com\/wp-content\/themes\/theme-boxrepsol-child\/static\/images\/motos-campeonas\/motos\/criville\/grandes\/03.jpg\" rel=\"nofollow\" class=\"replace-zoom\"><img decoding=\"async\" src=\"http:\/\/pre.boxrepsol.com\/wp-content\/themes\/theme-boxrepsol-child\/static\/images\/motos-campeonas\/motos\/criville\/mini\/03.jpg\" alt=\"NSR 500\"><\/a><\/li>\n<li><a href=\"#\" data-image-src=\"http:\/\/pre.boxrepsol.com\/wp-content\/themes\/theme-boxrepsol-child\/static\/images\/motos-campeonas\/motos\/criville\/04.png\" data-image-zoom=\"http:\/\/pre.boxrepsol.com\/wp-content\/themes\/theme-boxrepsol-child\/static\/images\/motos-campeonas\/motos\/criville\/grandes\/04.jpg\" rel=\"nofollow\" class=\"replace-zoom\"><img decoding=\"async\" src=\"http:\/\/pre.boxrepsol.com\/wp-content\/themes\/theme-boxrepsol-child\/static\/images\/motos-campeonas\/motos\/criville\/mini\/04.jpg\" alt=\"NSR 500\"><\/a><\/li>\n<li><a href=\"#\" data-image-src=\"http:\/\/pre.boxrepsol.com\/wp-content\/themes\/theme-boxrepsol-child\/static\/images\/motos-campeonas\/motos\/criville\/05.png\" data-image-zoom=\"http:\/\/pre.boxrepsol.com\/wp-content\/themes\/theme-boxrepsol-child\/static\/images\/motos-campeonas\/motos\/criville\/grandes\/05.jpg\" rel=\"nofollow\" class=\"replace-zoom\"><img decoding=\"async\" src=\"http:\/\/pre.boxrepsol.com\/wp-content\/themes\/theme-boxrepsol-child\/static\/images\/motos-campeonas\/motos\/criville\/mini\/05.jpg\" alt=\"NSR 500\"><\/a><\/li>\n<li class=\"no-margin\"><a href=\"#\" data-image-src=\"http:\/\/pre.boxrepsol.com\/wp-content\/themes\/theme-boxrepsol-child\/static\/images\/motos-campeonas\/motos\/criville\/06.png\" data-image-zoom=\"http:\/\/pre.boxrepsol.com\/wp-content\/themes\/theme-boxrepsol-child\/static\/images\/motos-campeonas\/motos\/criville\/grandes\/06.jpg\" rel=\"nofollow\" class=\"replace-zoom\"><img decoding=\"async\" src=\"http:\/\/pre.boxrepsol.com\/wp-content\/themes\/theme-boxrepsol-child\/static\/images\/motos-campeonas\/motos\/criville\/mini\/06.jpg\" alt=\"NSR 500\"><\/a><\/li>\n<\/ul>\n<\/div>\n<\/div>\n<div class=\"mas-info estirar d-flex flex-wrap justify-content-center ms-4 ms-md-0 me-4 me-md-0\">\n<div class=\"col-izq col-12 col-md-8 row\">\n<h3 class=\"col-12 col-md-8\">This is how Crivill\u00e9&#8217;s title-winning bike developed:<\/h3>\n<div class=\"mod-izq col-12 col-md-6\">\n<p>When \u00c1lex Crivill\u00e9 began riding the NSR500, it already was the best bike on the world stage. Honda incorporated the \u201cBig Bang\u201d firing system, since it was a more docile motorbike. But the regulation changes in 1998 made engine modifications necessary which, in turn, made it loose power. To overcome this, it was necessary to revert to <strong>screamer firing<\/strong>, which maintained power above 180CV.<\/p>\n<\/div>\n<div class=\"mod-der col-12 col-md-5\">\n<div class=\"mod-twitter\">\n                        <a href=\"http:\/\/twitter.com\/share?text=LThe%20NSR500%20is%20one%20of%20the%20greatest%20machines%20in%20the%20team's%20history&amp;url=http:\/\/bit.ly\/10TrJXO\" target=\"_blank\" rel=\"noopener\">LThe NSR500 is one of the greatest machines in the team&#8217;s history.<\/a><br \/>\n<a href=\"http:\/\/twitter.com\/share?text=LThe%20NSR500%20is%20one%20of%20the%20greatest%20machines%20in%20the%20team's%20history&amp;url=http:\/\/bit.ly\/10TrJXO\" class=\"twitter-share-button\" target=\"_blank\" rel=\"noopener\">Share<\/a><\/div>\n<p>Doohan proved that he was the perfect rider for it but then Crivill\u00e9 came along to demonstrate that the Australian was not the only one.<\/p>\n<\/div>\n<\/div>\n<div class=\"col-der col-10 col-md-4\">\n<h3><img decoding=\"async\" src=\"http:\/\/pre.boxrepsol.com\/wp-content\/themes\/theme-boxrepsol-child\/static\/images\/motos-campeonas\/txt-palmares-en.png\" alt=\"Achievements\"><\/h3>\n<ul>\n<li>World Championships: <strong>1<\/strong><\/li>\n<li>VWins with Crivill\u00e9 in &#8217;99: <strong>6<\/strong><\/li>\n<li>Podiums with Crivill\u00e9 in &#8217;99: <strong>10<\/strong><\/li>\n<\/ul>\n<\/div>\n<\/div>\n<\/div>\n<\/div>\n","protected":false},"excerpt":{"rendered":"<p>Doohan Crivill\u00e9 Rossi Hayden Stoner M\u00e1rquez Honda NSR 500 (1999) In addition to Mick Doohan, if there is another rider who fans associate with the NSR500, it is \u00c1lex Crivill\u00e9. His 1999 world title marked a historic milestone for Spanish motorcycling. This is how Crivill\u00e9&#8217;s title-winning bike developed: When \u00c1lex Crivill\u00e9 began riding the NSR500, [&hellip;]<\/p>\n","protected":false},"author":1,"featured_media":0,"parent":4751,"menu_order":0,"comment_status":"closed","ping_status":"closed","template":"","meta":{"footnotes":""},"class_list":["post-4755","page","type-page","status-publish","hentry"],"yoast_head":"<!-- This site is optimized with the Yoast SEO plugin v27.2 - https:\/\/yoast.com\/product\/yoast-seo-wordpress\/ -->\n<title>NSR 500 Crivill\u00e9 - Box Repsol<\/title>\n<link rel=\"canonical\" href=\"http:\/\/pre.boxrepsol.com\/en\/the-6-world-champion-bikes\/nsr500-criville\/\" \/>\n<meta property=\"og:locale\" content=\"en_US\" \/>\n<meta property=\"og:type\" content=\"article\" \/>\n<meta property=\"og:title\" content=\"NSR 500 Crivill\u00e9 - Box Repsol\" \/>\n<meta property=\"og:description\" content=\"Doohan Crivill\u00e9 Rossi Hayden Stoner M\u00e1rquez Honda NSR 500 (1999) In addition to Mick Doohan, if there is another rider who fans associate with the NSR500, it is \u00c1lex Crivill\u00e9. His 1999 world title marked a historic milestone for Spanish motorcycling. This is how Crivill\u00e9&#8217;s title-winning bike developed: When \u00c1lex Crivill\u00e9 began riding the NSR500, [&hellip;]\" \/>\n<meta property=\"og:url\" content=\"http:\/\/pre.boxrepsol.com\/en\/the-6-world-champion-bikes\/nsr500-criville\/\" \/>\n<meta property=\"og:site_name\" content=\"Box Repsol\" \/>\n<meta property=\"article:publisher\" content=\"https:\/\/www.facebook.com\/BoxRepsol\" \/>\n<meta property=\"article:modified_time\" content=\"2022-09-20T08:00:31+00:00\" \/>\n<meta name=\"twitter:card\" content=\"summary_large_image\" \/>\n<meta name=\"twitter:site\" content=\"@box_repsol\" \/>\n<meta name=\"twitter:label1\" content=\"Est. reading time\" \/>\n\t<meta name=\"twitter:data1\" content=\"1 minute\" \/>\n<script type=\"application\/ld+json\" class=\"yoast-schema-graph\">{\"@context\":\"https:\/\/schema.org\",\"@graph\":[{\"@type\":\"WebPage\",\"@id\":\"http:\/\/pre.boxrepsol.com\/en\/the-6-world-champion-bikes\/nsr500-criville\/\",\"url\":\"http:\/\/pre.boxrepsol.com\/en\/the-6-world-champion-bikes\/nsr500-criville\/\",\"name\":\"NSR 500 Crivill\u00e9 - Box Repsol\",\"isPartOf\":{\"@id\":\"http:\/\/pre.boxrepsol.com\/en\/#website\"},\"datePublished\":\"2017-05-04T02:00:00+00:00\",\"dateModified\":\"2022-09-20T08:00:31+00:00\",\"breadcrumb\":{\"@id\":\"http:\/\/pre.boxrepsol.com\/en\/the-6-world-champion-bikes\/nsr500-criville\/#breadcrumb\"},\"inLanguage\":\"en-US\",\"potentialAction\":[{\"@type\":\"ReadAction\",\"target\":[\"http:\/\/pre.boxrepsol.com\/en\/the-6-world-champion-bikes\/nsr500-criville\/\"]}]},{\"@type\":\"BreadcrumbList\",\"@id\":\"http:\/\/pre.boxrepsol.com\/en\/the-6-world-champion-bikes\/nsr500-criville\/#breadcrumb\",\"itemListElement\":[{\"@type\":\"ListItem\",\"position\":1,\"name\":\"Home\",\"item\":\"http:\/\/pre.boxrepsol.com\/en\/\"},{\"@type\":\"ListItem\",\"position\":2,\"name\":\"The 6 world champion bikes\",\"item\":\"http:\/\/pre.boxrepsol.com\/en\/the-6-world-champion-bikes\/\"},{\"@type\":\"ListItem\",\"position\":3,\"name\":\"NSR 500 Crivill\u00e9\"}]},{\"@type\":\"WebSite\",\"@id\":\"http:\/\/pre.boxrepsol.com\/en\/#website\",\"url\":\"http:\/\/pre.boxrepsol.com\/en\/\",\"name\":\"Box Repsol\",\"description\":\"Box Repsol Site\",\"publisher\":{\"@id\":\"http:\/\/pre.boxrepsol.com\/en\/#organization\"},\"potentialAction\":[{\"@type\":\"SearchAction\",\"target\":{\"@type\":\"EntryPoint\",\"urlTemplate\":\"http:\/\/pre.boxrepsol.com\/en\/?s={search_term_string}\"},\"query-input\":{\"@type\":\"PropertyValueSpecification\",\"valueRequired\":true,\"valueName\":\"search_term_string\"}}],\"inLanguage\":\"en-US\"},{\"@type\":\"Organization\",\"@id\":\"http:\/\/pre.boxrepsol.com\/en\/#organization\",\"name\":\"Box Repsol\",\"url\":\"http:\/\/pre.boxrepsol.com\/en\/\",\"logo\":{\"@type\":\"ImageObject\",\"inLanguage\":\"en-US\",\"@id\":\"http:\/\/pre.boxrepsol.com\/en\/#\/schema\/logo\/image\/\",\"url\":\"http:\/\/bxrepsol-pre.s3.eu-west-1.amazonaws.com\/static\/2022\/07\/11064028\/icon.png\",\"contentUrl\":\"http:\/\/bxrepsol-pre.s3.eu-west-1.amazonaws.com\/static\/2022\/07\/11064028\/icon.png\",\"width\":192,\"height\":192,\"caption\":\"Box Repsol\"},\"image\":{\"@id\":\"http:\/\/pre.boxrepsol.com\/en\/#\/schema\/logo\/image\/\"},\"sameAs\":[\"https:\/\/www.facebook.com\/BoxRepsol\",\"https:\/\/x.com\/box_repsol\"]}]}<\/script>\n<!-- \/ Yoast SEO plugin. -->","yoast_head_json":{"title":"NSR 500 Crivill\u00e9 - Box Repsol","canonical":"http:\/\/pre.boxrepsol.com\/en\/the-6-world-champion-bikes\/nsr500-criville\/","og_locale":"en_US","og_type":"article","og_title":"NSR 500 Crivill\u00e9 - Box Repsol","og_description":"Doohan Crivill\u00e9 Rossi Hayden Stoner M\u00e1rquez Honda NSR 500 (1999) In addition to Mick Doohan, if there is another rider who fans associate with the NSR500, it is \u00c1lex Crivill\u00e9. His 1999 world title marked a historic milestone for Spanish motorcycling. This is how Crivill\u00e9&#8217;s title-winning bike developed: When \u00c1lex Crivill\u00e9 began riding the NSR500, [&hellip;]","og_url":"http:\/\/pre.boxrepsol.com\/en\/the-6-world-champion-bikes\/nsr500-criville\/","og_site_name":"Box Repsol","article_publisher":"https:\/\/www.facebook.com\/BoxRepsol","article_modified_time":"2022-09-20T08:00:31+00:00","twitter_card":"summary_large_image","twitter_site":"@box_repsol","twitter_misc":{"Est. reading time":"1 minute"},"schema":{"@context":"https:\/\/schema.org","@graph":[{"@type":"WebPage","@id":"http:\/\/pre.boxrepsol.com\/en\/the-6-world-champion-bikes\/nsr500-criville\/","url":"http:\/\/pre.boxrepsol.com\/en\/the-6-world-champion-bikes\/nsr500-criville\/","name":"NSR 500 Crivill\u00e9 - Box Repsol","isPartOf":{"@id":"http:\/\/pre.boxrepsol.com\/en\/#website"},"datePublished":"2017-05-04T02:00:00+00:00","dateModified":"2022-09-20T08:00:31+00:00","breadcrumb":{"@id":"http:\/\/pre.boxrepsol.com\/en\/the-6-world-champion-bikes\/nsr500-criville\/#breadcrumb"},"inLanguage":"en-US","potentialAction":[{"@type":"ReadAction","target":["http:\/\/pre.boxrepsol.com\/en\/the-6-world-champion-bikes\/nsr500-criville\/"]}]},{"@type":"BreadcrumbList","@id":"http:\/\/pre.boxrepsol.com\/en\/the-6-world-champion-bikes\/nsr500-criville\/#breadcrumb","itemListElement":[{"@type":"ListItem","position":1,"name":"Home","item":"http:\/\/pre.boxrepsol.com\/en\/"},{"@type":"ListItem","position":2,"name":"The 6 world champion bikes","item":"http:\/\/pre.boxrepsol.com\/en\/the-6-world-champion-bikes\/"},{"@type":"ListItem","position":3,"name":"NSR 500 Crivill\u00e9"}]},{"@type":"WebSite","@id":"http:\/\/pre.boxrepsol.com\/en\/#website","url":"http:\/\/pre.boxrepsol.com\/en\/","name":"Box Repsol","description":"Box Repsol Site","publisher":{"@id":"http:\/\/pre.boxrepsol.com\/en\/#organization"},"potentialAction":[{"@type":"SearchAction","target":{"@type":"EntryPoint","urlTemplate":"http:\/\/pre.boxrepsol.com\/en\/?s={search_term_string}"},"query-input":{"@type":"PropertyValueSpecification","valueRequired":true,"valueName":"search_term_string"}}],"inLanguage":"en-US"},{"@type":"Organization","@id":"http:\/\/pre.boxrepsol.com\/en\/#organization","name":"Box Repsol","url":"http:\/\/pre.boxrepsol.com\/en\/","logo":{"@type":"ImageObject","inLanguage":"en-US","@id":"http:\/\/pre.boxrepsol.com\/en\/#\/schema\/logo\/image\/","url":"http:\/\/bxrepsol-pre.s3.eu-west-1.amazonaws.com\/static\/2022\/07\/11064028\/icon.png","contentUrl":"http:\/\/bxrepsol-pre.s3.eu-west-1.amazonaws.com\/static\/2022\/07\/11064028\/icon.png","width":192,"height":192,"caption":"Box Repsol"},"image":{"@id":"http:\/\/pre.boxrepsol.com\/en\/#\/schema\/logo\/image\/"},"sameAs":["https:\/\/www.facebook.com\/BoxRepsol","https:\/\/x.com\/box_repsol"]}]}},"_links":{"self":[{"href":"http:\/\/pre.boxrepsol.com\/en\/wp-json\/wp\/v2\/pages\/4755","targetHints":{"allow":["GET"]}}],"collection":[{"href":"http:\/\/pre.boxrepsol.com\/en\/wp-json\/wp\/v2\/pages"}],"about":[{"href":"http:\/\/pre.boxrepsol.com\/en\/wp-json\/wp\/v2\/types\/page"}],"author":[{"embeddable":true,"href":"http:\/\/pre.boxrepsol.com\/en\/wp-json\/wp\/v2\/users\/1"}],"replies":[{"embeddable":true,"href":"http:\/\/pre.boxrepsol.com\/en\/wp-json\/wp\/v2\/comments?post=4755"}],"version-history":[{"count":2,"href":"http:\/\/pre.boxrepsol.com\/en\/wp-json\/wp\/v2\/pages\/4755\/revisions"}],"predecessor-version":[{"id":69136,"href":"http:\/\/pre.boxrepsol.com\/en\/wp-json\/wp\/v2\/pages\/4755\/revisions\/69136"}],"up":[{"embeddable":true,"href":"http:\/\/pre.boxrepsol.com\/en\/wp-json\/wp\/v2\/pages\/4751"}],"wp:attachment":[{"href":"http:\/\/pre.boxrepsol.com\/en\/wp-json\/wp\/v2\/media?parent=4755"}],"curies":[{"name":"wp","href":"https:\/\/api.w.org\/{rel}","templated":true}]}}