{"id":4763,"date":"2017-05-04T00:00:00","date_gmt":"2017-05-04T02:00:00","guid":{"rendered":"http:\/\/pre.boxrepsol.com\/rc213v-marquez\/"},"modified":"2022-09-20T06:02:47","modified_gmt":"2022-09-20T08:02:47","slug":"rc213v-marquez","status":"publish","type":"page","link":"http:\/\/pre.boxrepsol.com\/en\/the-6-world-champion-bikes\/rc213v-marquez\/","title":{"rendered":"RC213V M\u00e1rquez"},"content":{"rendered":"<div id=\"cont-motos-leyenda\" class=\"ficha-moto estirar\">\n  <!-- ====== CABECERA DE LA FICHA ===== --><\/p>\n<div class=\"cab-ficha estirar\">\n<h2>\n<a href=\"\/en\/the-6-world-champion-bikes\/\"><img decoding=\"async\" src=\"http:\/\/pre.boxrepsol.com\/wp-content\/themes\/theme-boxrepsol-child\/static\/images\/motos-campeonas\/titular-6-motos-campeonas-en.png\" alt=\"The 6 champion bikes\"><\/a><\/h2>\n<ul class=\"nav-motos estirar\">\n<li class=\"me-3 me-md-0 ms-2 ms-md-0\"><a class=\"relmob\" href=\"\/en\/the-6-world-champion-bikes\/nsr500-doohan\/\"><span>Doohan<\/span><img decoding=\"async\" src=\"http:\/\/pre.boxrepsol.com\/wp-content\/themes\/theme-boxrepsol-child\/static\/images\/motos-campeonas\/motos\/min\/moto_02.png\" alt=\"Doohan\"><br \/>\n<\/a><\/li>\n<li class=\"me-3 me-md-0 ms-2 ms-md-0\"><a class=\"relmob\" href=\"\/en\/the-6-world-champion-bikes\/nsr500-criville\/\"><span>Crivill\u00e9<\/span><img decoding=\"async\" src=\"http:\/\/pre.boxrepsol.com\/wp-content\/themes\/theme-boxrepsol-child\/static\/images\/motos-campeonas\/motos\/min\/moto_01.png\" alt=\"Crivill\u00e9\"><\/a><\/li>\n<li class=\"me-3 me-md-0 ms-2 ms-md-0\"><a class=\"relmob\" href=\"\/en\/the-6-world-champion-bikes\/rc211v-rossi\/\"><span>Rossi<\/span><img decoding=\"async\" src=\"http:\/\/pre.boxrepsol.com\/wp-content\/themes\/theme-boxrepsol-child\/static\/images\/motos-campeonas\/motos\/min\/moto_05.png\" alt=\"Rossi\"><br \/>\n<\/a><\/li>\n<li class=\"me-3 me-md-0 ms-2 ms-md-0\"><a class=\"relmob\" href=\"\/en\/the-6-world-champion-bikes\/rc211v-hayden\/\"><span>Hayden<\/span><img decoding=\"async\" src=\"http:\/\/pre.boxrepsol.com\/wp-content\/themes\/theme-boxrepsol-child\/static\/images\/motos-campeonas\/motos\/min\/moto_03.png\" alt=\"Hayden\"><\/a><\/li>\n<li class=\"me-3 me-md-0 ms-2 ms-md-0\"><a class=\"relmob\" href=\"\/en\/the-6-world-champion-bikes\/rc212v-stoner\/\"><span>Stoner<\/span><img decoding=\"async\" src=\"http:\/\/pre.boxrepsol.com\/wp-content\/themes\/theme-boxrepsol-child\/static\/images\/motos-campeonas\/motos\/min\/moto_06.png\" alt=\"Stoner\"><\/a><\/li>\n<li class=\"me-3 me-md-0 ms-2 ms-md-0\"><a class=\"relmob active\" href=\"\/en\/the-6-world-champion-bikes\/rc213v-marquez\/\"><span>M\u00e1rquez<\/span><img decoding=\"async\" src=\"http:\/\/pre.boxrepsol.com\/wp-content\/themes\/theme-boxrepsol-child\/static\/images\/motos-campeonas\/motos\/min\/moto_04.png\" alt=\"M\u00e1rquez\"><\/a><\/li>\n<\/ul>\n<\/div>\n<p><!-- ====== CABECERA DE LA FICHA ===== --><\/p>\n<div class=\"cont-ficha\">\n<div class=\"detalles-ficha\">\n<h3>Honda <strong>RC213V<\/strong> (2013, 2014, 2016, 2017, 2018 &amp; 2019)<\/h3>\n<p>In the 2013 season, Marc M\u00e1rquez made the leap to MotoGP after claiming the Moto2 title with Repsol. He came to form part of the <strong>dream team with Dani Pedrosa<\/strong>. On the RC213V, Marc achieved the title in his rookie year and did the same again in 2014, 2016, 2017, 2018 and 2019.<\/p>\n<\/div>\n<div class=\"galeria estirar\">\n<div class=\"\">\n<div class=\"foto\"><a id=\"zoom\" class=\"push__datalayer\" title=\"Honda RC213V\" href=\"http:\/\/pre.boxrepsol.com\/wp-content\/themes\/theme-boxrepsol-child\/static\/images\/motos-campeonas\/motos\/marquez\/grandes\/01.jpg\" data-gallery=\"\"><br \/>\n<img decoding=\"async\" src=\"http:\/\/pre.boxrepsol.com\/wp-content\/themes\/theme-boxrepsol-child\/static\/images\/motos-campeonas\/motos\/marquez\/01.png\" alt=\"RC213V\"><br \/>\n<\/a><\/div>\n<\/div>\n<div class=\"\">\n<ul>\n<li><a class=\"replace-zoom\" href=\"#\" rel=\"nofollow\" data-image-src=\"http:\/\/pre.boxrepsol.com\/wp-content\/themes\/theme-boxrepsol-child\/static\/images\/motos-campeonas\/motos\/marquez\/01.png\" data-image-zoom=\"http:\/\/pre.boxrepsol.com\/wp-content\/themes\/theme-boxrepsol-child\/static\/images\/motos-campeonas\/motos\/marquez\/grandes\/01.jpg\"><img decoding=\"async\" src=\"http:\/\/pre.boxrepsol.com\/wp-content\/themes\/theme-boxrepsol-child\/static\/images\/motos-campeonas\/motos\/marquez\/mini\/01.jpg\" alt=\"RC213V\"><\/a><\/li>\n<li><a class=\"replace-zoom\" href=\"#\" rel=\"nofollow\" data-image-src=\"http:\/\/pre.boxrepsol.com\/wp-content\/themes\/theme-boxrepsol-child\/static\/images\/motos-campeonas\/motos\/marquez\/02.png\" data-image-zoom=\"http:\/\/pre.boxrepsol.com\/wp-content\/themes\/theme-boxrepsol-child\/static\/images\/motos-campeonas\/motos\/marquez\/grandes\/02.jpg\"><img decoding=\"async\" src=\"http:\/\/pre.boxrepsol.com\/wp-content\/themes\/theme-boxrepsol-child\/static\/images\/motos-campeonas\/motos\/marquez\/mini\/02.jpg\" alt=\"RC213V\"><\/a><\/li>\n<li class=\"no-margin\"><a class=\"replace-zoom\" href=\"#\" rel=\"nofollow\" data-image-src=\"http:\/\/pre.boxrepsol.com\/wp-content\/themes\/theme-boxrepsol-child\/static\/images\/motos-campeonas\/motos\/marquez\/03.png\" data-image-zoom=\"http:\/\/pre.boxrepsol.com\/wp-content\/themes\/theme-boxrepsol-child\/static\/images\/motos-campeonas\/motos\/marquez\/grandes\/03.jpg\"><img decoding=\"async\" src=\"http:\/\/pre.boxrepsol.com\/wp-content\/themes\/theme-boxrepsol-child\/static\/images\/motos-campeonas\/motos\/marquez\/mini\/03.jpg\" alt=\"RC213V\"><\/a><\/li>\n<li><a class=\"replace-zoom\" href=\"#\" rel=\"nofollow\" data-image-src=\"http:\/\/pre.boxrepsol.com\/wp-content\/themes\/theme-boxrepsol-child\/static\/images\/motos-campeonas\/motos\/marquez\/04.png\" data-image-zoom=\"http:\/\/pre.boxrepsol.com\/wp-content\/themes\/theme-boxrepsol-child\/static\/images\/motos-campeonas\/motos\/marquez\/grandes\/04.jpg\"><img decoding=\"async\" src=\"http:\/\/pre.boxrepsol.com\/wp-content\/themes\/theme-boxrepsol-child\/static\/images\/motos-campeonas\/motos\/marquez\/mini\/04.jpg\" alt=\"RC213V\"><\/a><\/li>\n<li><a class=\"replace-zoom\" href=\"#\" rel=\"nofollow\" data-image-src=\"http:\/\/pre.boxrepsol.com\/wp-content\/themes\/theme-boxrepsol-child\/static\/images\/motos-campeonas\/motos\/marquez\/05.png\" data-image-zoom=\"http:\/\/pre.boxrepsol.com\/wp-content\/themes\/theme-boxrepsol-child\/static\/images\/motos-campeonas\/motos\/marquez\/grandes\/05.jpg\"><img decoding=\"async\" src=\"http:\/\/pre.boxrepsol.com\/wp-content\/themes\/theme-boxrepsol-child\/static\/images\/motos-campeonas\/motos\/marquez\/mini\/05.jpg\" alt=\"RC213V\"><\/a><\/li>\n<li class=\"no-margin\"><a class=\"replace-zoom\" href=\"#\" rel=\"nofollow\" data-image-src=\"http:\/\/pre.boxrepsol.com\/wp-content\/themes\/theme-boxrepsol-child\/static\/images\/motos-campeonas\/motos\/marquez\/06.png\" data-image-zoom=\"http:\/\/pre.boxrepsol.com\/wp-content\/themes\/theme-boxrepsol-child\/static\/images\/motos-campeonas\/motos\/marquez\/grandes\/06.jpg\"><img decoding=\"async\" src=\"http:\/\/pre.boxrepsol.com\/wp-content\/themes\/theme-boxrepsol-child\/static\/images\/motos-campeonas\/motos\/marquez\/mini\/06.jpg\" alt=\"RC213V\"><\/a><\/li>\n<\/ul>\n<\/div>\n<\/div>\n<div class=\"mas-info estirar d-flex flex-wrap justify-content-center ms-4 ms-md-0 me-4 me-md-0\">\n<div class=\"col-izq col-12 col-md-8 row\">\n<h3 class=\"col-12 col-md-8\">This is how M\u00e1rquez&#8217;s title-winning bike developed:<\/h3>\n<div class=\"mod-izq col-12 col-md-6\">\n<p>With the new regulations allowing up to 1000cc, Honda worked hard to create a new V4 in this cylinder capacity, using latest generation materials and the pneumatic valve system.<strong> Thanks to the joint research and development of Honda and Repsol<\/strong>, the output was increased and exceeded 240 horsepower despite restrictions on the fuel tank capacity.<\/p>\n<\/div>\n<div class=\"mod-der col-12 col-md-5\">\n<div class=\"mod-twitter\"><a href=\"http:\/\/twitter.com\/share?text=On%20the%20RC213V%20Marc%20was%20World%20Champion%20in%202013%20and%20again%20in%202014&amp;url=http:\/\/bit.ly\/1v5gKXX\" target=\"_blank\" rel=\"noopener noreferrer\">On the RC213V Marc was World Champion in 2013, 2014, 2016, 2017, 2018 and again in 2019.<\/a><br \/>\n<a class=\"twitter-share-button\" href=\"http:\/\/twitter.com\/share?text=On%20the%20RC213V%20Marc%20was%20World%20Champion%20in%202013%20and%20again%20in%202014&amp;url=http:\/\/bit.ly\/1v5gKXX\" target=\"_blank\" rel=\"noopener\">Share<\/a><\/div>\n<p>This, along with the chassis design and improvements to the transmission, resulted in a bike that performed well under practically any conditions and on almost every circuit.<\/p>\n<\/div>\n<\/div>\n<div class=\"col-der col-10 col-md-4\">\n<h3><img decoding=\"async\" src=\"http:\/\/pre.boxrepsol.com\/wp-content\/themes\/theme-boxrepsol-child\/static\/images\/motos-campeonas\/txt-palmares.png\" alt=\"Achievements\"><\/h3>\n<ul>\n<li>World Championships (2013, 2014, 2016, 2017, 2018 &amp; 2019): <strong>6<\/strong><\/li>\n<li>Wins with M\u00e1rquez (2013-2021): <strong>59<\/strong><\/li>\n<li>Podiums with M\u00e1rquez (2013-2021): <strong>99<\/strong><\/li>\n<\/ul>\n<\/div>\n<\/div>\n<\/div>\n<\/div>\n","protected":false},"excerpt":{"rendered":"<p>Doohan Crivill\u00e9 Rossi Hayden Stoner M\u00e1rquez Honda RC213V (2013, 2014, 2016, 2017, 2018 &amp; 2019) In the 2013 season, Marc M\u00e1rquez made the leap to MotoGP after claiming the Moto2 title with Repsol. He came to form part of the dream team with Dani Pedrosa. On the RC213V, Marc achieved the title in his rookie [&hellip;]<\/p>\n","protected":false},"author":1,"featured_media":0,"parent":4751,"menu_order":0,"comment_status":"closed","ping_status":"closed","template":"","meta":{"footnotes":""},"class_list":["post-4763","page","type-page","status-publish","hentry"],"yoast_head":"<!-- This site is optimized with the Yoast SEO plugin v27.2 - https:\/\/yoast.com\/product\/yoast-seo-wordpress\/ -->\n<title>RC213V M\u00e1rquez - Box Repsol<\/title>\n<link rel=\"canonical\" href=\"http:\/\/pre.boxrepsol.com\/en\/the-6-world-champion-bikes\/rc213v-marquez\/\" \/>\n<meta property=\"og:locale\" content=\"en_US\" \/>\n<meta property=\"og:type\" content=\"article\" \/>\n<meta property=\"og:title\" content=\"RC213V M\u00e1rquez - Box Repsol\" \/>\n<meta property=\"og:description\" content=\"Doohan Crivill\u00e9 Rossi Hayden Stoner M\u00e1rquez Honda RC213V (2013, 2014, 2016, 2017, 2018 &amp; 2019) In the 2013 season, Marc M\u00e1rquez made the leap to MotoGP after claiming the Moto2 title with Repsol. He came to form part of the dream team with Dani Pedrosa. On the RC213V, Marc achieved the title in his rookie [&hellip;]\" \/>\n<meta property=\"og:url\" content=\"http:\/\/pre.boxrepsol.com\/en\/the-6-world-champion-bikes\/rc213v-marquez\/\" \/>\n<meta property=\"og:site_name\" content=\"Box Repsol\" \/>\n<meta property=\"article:publisher\" content=\"https:\/\/www.facebook.com\/BoxRepsol\" \/>\n<meta property=\"article:modified_time\" content=\"2022-09-20T08:02:47+00:00\" \/>\n<meta name=\"twitter:card\" content=\"summary_large_image\" \/>\n<meta name=\"twitter:site\" content=\"@box_repsol\" \/>\n<meta name=\"twitter:label1\" content=\"Est. reading time\" \/>\n\t<meta name=\"twitter:data1\" content=\"1 minute\" \/>\n<script type=\"application\/ld+json\" class=\"yoast-schema-graph\">{\"@context\":\"https:\/\/schema.org\",\"@graph\":[{\"@type\":\"WebPage\",\"@id\":\"http:\/\/pre.boxrepsol.com\/en\/the-6-world-champion-bikes\/rc213v-marquez\/\",\"url\":\"http:\/\/pre.boxrepsol.com\/en\/the-6-world-champion-bikes\/rc213v-marquez\/\",\"name\":\"RC213V M\u00e1rquez - Box Repsol\",\"isPartOf\":{\"@id\":\"http:\/\/pre.boxrepsol.com\/en\/#website\"},\"datePublished\":\"2017-05-04T02:00:00+00:00\",\"dateModified\":\"2022-09-20T08:02:47+00:00\",\"breadcrumb\":{\"@id\":\"http:\/\/pre.boxrepsol.com\/en\/the-6-world-champion-bikes\/rc213v-marquez\/#breadcrumb\"},\"inLanguage\":\"en-US\",\"potentialAction\":[{\"@type\":\"ReadAction\",\"target\":[\"http:\/\/pre.boxrepsol.com\/en\/the-6-world-champion-bikes\/rc213v-marquez\/\"]}]},{\"@type\":\"BreadcrumbList\",\"@id\":\"http:\/\/pre.boxrepsol.com\/en\/the-6-world-champion-bikes\/rc213v-marquez\/#breadcrumb\",\"itemListElement\":[{\"@type\":\"ListItem\",\"position\":1,\"name\":\"Home\",\"item\":\"http:\/\/pre.boxrepsol.com\/en\/\"},{\"@type\":\"ListItem\",\"position\":2,\"name\":\"The 6 world champion bikes\",\"item\":\"http:\/\/pre.boxrepsol.com\/en\/the-6-world-champion-bikes\/\"},{\"@type\":\"ListItem\",\"position\":3,\"name\":\"RC213V M\u00e1rquez\"}]},{\"@type\":\"WebSite\",\"@id\":\"http:\/\/pre.boxrepsol.com\/en\/#website\",\"url\":\"http:\/\/pre.boxrepsol.com\/en\/\",\"name\":\"Box Repsol\",\"description\":\"Box Repsol Site\",\"publisher\":{\"@id\":\"http:\/\/pre.boxrepsol.com\/en\/#organization\"},\"potentialAction\":[{\"@type\":\"SearchAction\",\"target\":{\"@type\":\"EntryPoint\",\"urlTemplate\":\"http:\/\/pre.boxrepsol.com\/en\/?s={search_term_string}\"},\"query-input\":{\"@type\":\"PropertyValueSpecification\",\"valueRequired\":true,\"valueName\":\"search_term_string\"}}],\"inLanguage\":\"en-US\"},{\"@type\":\"Organization\",\"@id\":\"http:\/\/pre.boxrepsol.com\/en\/#organization\",\"name\":\"Box Repsol\",\"url\":\"http:\/\/pre.boxrepsol.com\/en\/\",\"logo\":{\"@type\":\"ImageObject\",\"inLanguage\":\"en-US\",\"@id\":\"http:\/\/pre.boxrepsol.com\/en\/#\/schema\/logo\/image\/\",\"url\":\"http:\/\/bxrepsol-pre.s3.eu-west-1.amazonaws.com\/static\/2022\/07\/11064028\/icon.png\",\"contentUrl\":\"http:\/\/bxrepsol-pre.s3.eu-west-1.amazonaws.com\/static\/2022\/07\/11064028\/icon.png\",\"width\":192,\"height\":192,\"caption\":\"Box Repsol\"},\"image\":{\"@id\":\"http:\/\/pre.boxrepsol.com\/en\/#\/schema\/logo\/image\/\"},\"sameAs\":[\"https:\/\/www.facebook.com\/BoxRepsol\",\"https:\/\/x.com\/box_repsol\"]}]}<\/script>\n<!-- \/ Yoast SEO plugin. -->","yoast_head_json":{"title":"RC213V M\u00e1rquez - Box Repsol","canonical":"http:\/\/pre.boxrepsol.com\/en\/the-6-world-champion-bikes\/rc213v-marquez\/","og_locale":"en_US","og_type":"article","og_title":"RC213V M\u00e1rquez - Box Repsol","og_description":"Doohan Crivill\u00e9 Rossi Hayden Stoner M\u00e1rquez Honda RC213V (2013, 2014, 2016, 2017, 2018 &amp; 2019) In the 2013 season, Marc M\u00e1rquez made the leap to MotoGP after claiming the Moto2 title with Repsol. He came to form part of the dream team with Dani Pedrosa. On the RC213V, Marc achieved the title in his rookie [&hellip;]","og_url":"http:\/\/pre.boxrepsol.com\/en\/the-6-world-champion-bikes\/rc213v-marquez\/","og_site_name":"Box Repsol","article_publisher":"https:\/\/www.facebook.com\/BoxRepsol","article_modified_time":"2022-09-20T08:02:47+00:00","twitter_card":"summary_large_image","twitter_site":"@box_repsol","twitter_misc":{"Est. reading time":"1 minute"},"schema":{"@context":"https:\/\/schema.org","@graph":[{"@type":"WebPage","@id":"http:\/\/pre.boxrepsol.com\/en\/the-6-world-champion-bikes\/rc213v-marquez\/","url":"http:\/\/pre.boxrepsol.com\/en\/the-6-world-champion-bikes\/rc213v-marquez\/","name":"RC213V M\u00e1rquez - Box Repsol","isPartOf":{"@id":"http:\/\/pre.boxrepsol.com\/en\/#website"},"datePublished":"2017-05-04T02:00:00+00:00","dateModified":"2022-09-20T08:02:47+00:00","breadcrumb":{"@id":"http:\/\/pre.boxrepsol.com\/en\/the-6-world-champion-bikes\/rc213v-marquez\/#breadcrumb"},"inLanguage":"en-US","potentialAction":[{"@type":"ReadAction","target":["http:\/\/pre.boxrepsol.com\/en\/the-6-world-champion-bikes\/rc213v-marquez\/"]}]},{"@type":"BreadcrumbList","@id":"http:\/\/pre.boxrepsol.com\/en\/the-6-world-champion-bikes\/rc213v-marquez\/#breadcrumb","itemListElement":[{"@type":"ListItem","position":1,"name":"Home","item":"http:\/\/pre.boxrepsol.com\/en\/"},{"@type":"ListItem","position":2,"name":"The 6 world champion bikes","item":"http:\/\/pre.boxrepsol.com\/en\/the-6-world-champion-bikes\/"},{"@type":"ListItem","position":3,"name":"RC213V M\u00e1rquez"}]},{"@type":"WebSite","@id":"http:\/\/pre.boxrepsol.com\/en\/#website","url":"http:\/\/pre.boxrepsol.com\/en\/","name":"Box Repsol","description":"Box Repsol Site","publisher":{"@id":"http:\/\/pre.boxrepsol.com\/en\/#organization"},"potentialAction":[{"@type":"SearchAction","target":{"@type":"EntryPoint","urlTemplate":"http:\/\/pre.boxrepsol.com\/en\/?s={search_term_string}"},"query-input":{"@type":"PropertyValueSpecification","valueRequired":true,"valueName":"search_term_string"}}],"inLanguage":"en-US"},{"@type":"Organization","@id":"http:\/\/pre.boxrepsol.com\/en\/#organization","name":"Box Repsol","url":"http:\/\/pre.boxrepsol.com\/en\/","logo":{"@type":"ImageObject","inLanguage":"en-US","@id":"http:\/\/pre.boxrepsol.com\/en\/#\/schema\/logo\/image\/","url":"http:\/\/bxrepsol-pre.s3.eu-west-1.amazonaws.com\/static\/2022\/07\/11064028\/icon.png","contentUrl":"http:\/\/bxrepsol-pre.s3.eu-west-1.amazonaws.com\/static\/2022\/07\/11064028\/icon.png","width":192,"height":192,"caption":"Box Repsol"},"image":{"@id":"http:\/\/pre.boxrepsol.com\/en\/#\/schema\/logo\/image\/"},"sameAs":["https:\/\/www.facebook.com\/BoxRepsol","https:\/\/x.com\/box_repsol"]}]}},"_links":{"self":[{"href":"http:\/\/pre.boxrepsol.com\/en\/wp-json\/wp\/v2\/pages\/4763","targetHints":{"allow":["GET"]}}],"collection":[{"href":"http:\/\/pre.boxrepsol.com\/en\/wp-json\/wp\/v2\/pages"}],"about":[{"href":"http:\/\/pre.boxrepsol.com\/en\/wp-json\/wp\/v2\/types\/page"}],"author":[{"embeddable":true,"href":"http:\/\/pre.boxrepsol.com\/en\/wp-json\/wp\/v2\/users\/1"}],"replies":[{"embeddable":true,"href":"http:\/\/pre.boxrepsol.com\/en\/wp-json\/wp\/v2\/comments?post=4763"}],"version-history":[{"count":2,"href":"http:\/\/pre.boxrepsol.com\/en\/wp-json\/wp\/v2\/pages\/4763\/revisions"}],"predecessor-version":[{"id":69140,"href":"http:\/\/pre.boxrepsol.com\/en\/wp-json\/wp\/v2\/pages\/4763\/revisions\/69140"}],"up":[{"embeddable":true,"href":"http:\/\/pre.boxrepsol.com\/en\/wp-json\/wp\/v2\/pages\/4751"}],"wp:attachment":[{"href":"http:\/\/pre.boxrepsol.com\/en\/wp-json\/wp\/v2\/media?parent=4763"}],"curies":[{"name":"wp","href":"https:\/\/api.w.org\/{rel}","templated":true}]}}