{"id":3747,"date":"2017-05-04T00:00:00","date_gmt":"2017-05-04T02:00:00","guid":{"rendered":"http:\/\/pre.boxrepsol.com\/las-6-motos-campeonas-del-mundo\/"},"modified":"2022-09-20T05:41:07","modified_gmt":"2022-09-20T07:41:07","slug":"las-6-motos-campeonas-del-mundo","status":"publish","type":"page","link":"http:\/\/pre.boxrepsol.com\/es\/las-6-motos-campeonas-del-mundo\/","title":{"rendered":"Las 6 motos Campeonas del Mundo"},"content":{"rendered":"<div id=\"cont-motos-leyenda\" class=\"ficha-moto estirar\">\n<p>    <!-- ====== CABECERA DE LA FICHA ===== --><\/p>\n<div class=\"cab-ficha estirar\">\n<h2>\n            <a href=\"\/las-6-motos-campeonas-del-mundo\/\" title=\"Las 6 motos campeonas del mundo\"><img decoding=\"async\" src=\"\/assets\/theme-boxrepsol-child\/images\/motos-campeonas\/titular-6-motos-campeonas.png\" alt=\"Las 6 Motos campeonas del mundo\"><\/a><\/h2>\n<ul class=\"nav-motos estirar\">\n<li>\n<a class=\"relmob\" href=\"\/las-6-motos-campeonas-del-mundo\/nsr500-doohan\/\" title=\"Repsol Honda NSR 500\" target=\"_top\" rel=\"noopener\"><span>Doohan<\/span><img decoding=\"async\" src=\"\/assets\/theme-boxrepsol-child\/images\/motos-campeonas\/motos\/min\/moto_02.png\" title=\"Repsol Honda NSR 500\" alt=\"La moto de Mick Doohan\"><br \/>\n<\/a><\/li>\n<li>\n<a class=\"relmob\" href=\"\/las-6-motos-campeonas-del-mundo\/nsr500-criville\/\" title=\"Repsol Honda NSR 500\" target=\"_top\" rel=\"noopener\"><span>Crivill\u00e9<\/span><img decoding=\"async\" src=\"\/assets\/theme-boxrepsol-child\/images\/motos-campeonas\/motos\/min\/moto_01.png\" title=\"Repsol Honda NSR 500\" alt=\"La moto de \u00c1lex Crivill\u00e9\"><\/a><\/li>\n<li>\n<a class=\"relmob\" href=\"\/las-6-motos-campeonas-del-mundo\/rc211v-rossi\/\" title=\"Repsol Honda RC211V\" target=\"_top\" rel=\"noopener\"><span>Rossi<\/span><img decoding=\"async\" src=\"\/assets\/theme-boxrepsol-child\/images\/motos-campeonas\/motos\/min\/moto_05.png\" title=\"Repsol Honda RC211V\" alt=\"La moto de Valentino Rossi\"><\/a><\/li>\n<li>\n<a class=\"relmob\" href=\"\/las-6-motos-campeonas-del-mundo\/rc211v-hayden\/\" title=\"Repsol Honda RC211V\" target=\"_top\" rel=\"noopener\"><span>Hayden<\/span><img decoding=\"async\" src=\"\/assets\/theme-boxrepsol-child\/images\/motos-campeonas\/motos\/min\/moto_03.png\" title=\"Repsol Honda RC211V\" alt=\"La moto de Nicky Hayden\"><br \/>\n<\/a><\/li>\n<li>\n<a class=\"relmob\" href=\"\/las-6-motos-campeonas-del-mundo\/rc212v-stoner\/\" title=\"Repsol Honda RC212V\" target=\"_top\" rel=\"noopener\"><span>Stoner<\/span><img decoding=\"async\" src=\"\/assets\/theme-boxrepsol-child\/images\/motos-campeonas\/motos\/min\/moto_06.png\" title=\"Repsol Honda RC212V\" alt=\"La moto de Casey Stoner\"><br \/>\n<\/a><\/li>\n<li>\n<a class=\"relmob\" href=\"\/las-6-motos-campeonas-del-mundo\/rc213v-marquez\/\" title=\"Repsol Honda RC213V\" target=\"_top\" rel=\"noopener\"><span>M\u00e1rquez<\/span><img decoding=\"async\" src=\"\/assets\/theme-boxrepsol-child\/images\/motos-campeonas\/motos\/min\/moto_04.png\" title=\"Repsol Honda RC213V \" alt=\"La moto de Marc M\u00e1rquez\"><br \/>\n<\/a><\/li>\n<\/ul>\n<\/div>\n<p><!-- ====== CABECERA DE LA FICHA ===== --><\/p>\n<div class=\"cont-ficha\">\n<div class=\"detalles-ficha\">\n<p>            Descubre c\u00f3mo Honda y Repsol dieron forma a las 6 motos que han llevado a nuestros pilotos a ser<br \/>\n<strong>Campeones de la m\u00e1xima categor\u00eda del Mundial de Motociclismo<\/strong>.<\/p>\n<\/div>\n<div class=\"galeria estirar\">\n<div class=\"\">\n<div class=\"foto\">\n                    <a href=\"\/las-6-motos-campeonas-del-mundo\/nsr500-doohan-3\/\" title=\"Las 6 motos campeonas del mundo\" id=\"zoom\"><br \/>\n<img decoding=\"async\" src=\"https:\/\/s3-eu-west-1.amazonaws.com\/boxrepsol-site\/themes\/repsolbox-next\/20220906092956\/dist\/images\/motos-campeonas\/motos-leyenda.png\" title=\"Las 6 motos campeonas del mundo\" alt=\"Repsol Honda NSR 500, Repsol Honda RC211V, Repsol Honda RC212V, Repsol Honda RC213V\"><br \/>\n<\/a><\/div>\n<\/div>\n<\/div>\n<\/div>\n<\/div>\n","protected":false},"excerpt":{"rendered":"<p>Doohan Crivill\u00e9 Rossi Hayden Stoner M\u00e1rquez Descubre c\u00f3mo Honda y Repsol dieron forma a las 6 motos que han llevado a nuestros pilotos a ser Campeones de la m\u00e1xima categor\u00eda del Mundial de Motociclismo.<\/p>\n","protected":false},"author":1,"featured_media":0,"parent":0,"menu_order":0,"comment_status":"closed","ping_status":"closed","template":"","meta":{"footnotes":""},"class_list":["post-3747","page","type-page","status-publish","hentry"],"yoast_head":"<!-- This site is optimized with the Yoast SEO plugin v27.2 - https:\/\/yoast.com\/product\/yoast-seo-wordpress\/ -->\n<title>Las 6 motos Campeonas del Mundo - Box Repsol<\/title>\n<link rel=\"canonical\" href=\"http:\/\/pre.boxrepsol.com\/es\/las-6-motos-campeonas-del-mundo\/\" \/>\n<meta property=\"og:locale\" content=\"es_ES\" \/>\n<meta property=\"og:type\" content=\"article\" \/>\n<meta property=\"og:title\" content=\"Las 6 motos Campeonas del Mundo - Box Repsol\" \/>\n<meta property=\"og:description\" content=\"Doohan Crivill\u00e9 Rossi Hayden Stoner M\u00e1rquez Descubre c\u00f3mo Honda y Repsol dieron forma a las 6 motos que han llevado a nuestros pilotos a ser Campeones de la m\u00e1xima categor\u00eda del Mundial de Motociclismo.\" \/>\n<meta property=\"og:url\" content=\"http:\/\/pre.boxrepsol.com\/es\/las-6-motos-campeonas-del-mundo\/\" \/>\n<meta property=\"og:site_name\" content=\"Box Repsol\" \/>\n<meta property=\"article:publisher\" content=\"https:\/\/www.facebook.com\/BoxRepsol\" \/>\n<meta property=\"article:modified_time\" content=\"2022-09-20T07:41:07+00:00\" \/>\n<meta property=\"og:image\" content=\"https:\/\/s3-eu-west-1.amazonaws.com\/boxrepsol-site\/themes\/repsolbox-next\/20220906092956\/dist\/images\/motos-campeonas\/motos-leyenda.png\" \/>\n<meta name=\"twitter:card\" content=\"summary_large_image\" \/>\n<meta name=\"twitter:site\" content=\"@box_repsol\" \/>\n<script type=\"application\/ld+json\" class=\"yoast-schema-graph\">{\"@context\":\"https:\/\/schema.org\",\"@graph\":[{\"@type\":\"WebPage\",\"@id\":\"http:\/\/pre.boxrepsol.com\/es\/las-6-motos-campeonas-del-mundo\/\",\"url\":\"http:\/\/pre.boxrepsol.com\/es\/las-6-motos-campeonas-del-mundo\/\",\"name\":\"Las 6 motos Campeonas del Mundo - Box Repsol\",\"isPartOf\":{\"@id\":\"http:\/\/pre.boxrepsol.com\/es\/#website\"},\"primaryImageOfPage\":{\"@id\":\"http:\/\/pre.boxrepsol.com\/es\/las-6-motos-campeonas-del-mundo\/#primaryimage\"},\"image\":{\"@id\":\"http:\/\/pre.boxrepsol.com\/es\/las-6-motos-campeonas-del-mundo\/#primaryimage\"},\"thumbnailUrl\":\"https:\/\/s3-eu-west-1.amazonaws.com\/boxrepsol-site\/themes\/repsolbox-next\/20220906092956\/dist\/images\/motos-campeonas\/motos-leyenda.png\",\"datePublished\":\"2017-05-04T02:00:00+00:00\",\"dateModified\":\"2022-09-20T07:41:07+00:00\",\"breadcrumb\":{\"@id\":\"http:\/\/pre.boxrepsol.com\/es\/las-6-motos-campeonas-del-mundo\/#breadcrumb\"},\"inLanguage\":\"es\",\"potentialAction\":[{\"@type\":\"ReadAction\",\"target\":[\"http:\/\/pre.boxrepsol.com\/es\/las-6-motos-campeonas-del-mundo\/\"]}]},{\"@type\":\"ImageObject\",\"inLanguage\":\"es\",\"@id\":\"http:\/\/pre.boxrepsol.com\/es\/las-6-motos-campeonas-del-mundo\/#primaryimage\",\"url\":\"https:\/\/s3-eu-west-1.amazonaws.com\/boxrepsol-site\/themes\/repsolbox-next\/20220906092956\/dist\/images\/motos-campeonas\/motos-leyenda.png\",\"contentUrl\":\"https:\/\/s3-eu-west-1.amazonaws.com\/boxrepsol-site\/themes\/repsolbox-next\/20220906092956\/dist\/images\/motos-campeonas\/motos-leyenda.png\"},{\"@type\":\"BreadcrumbList\",\"@id\":\"http:\/\/pre.boxrepsol.com\/es\/las-6-motos-campeonas-del-mundo\/#breadcrumb\",\"itemListElement\":[{\"@type\":\"ListItem\",\"position\":1,\"name\":\"Home\",\"item\":\"http:\/\/pre.boxrepsol.com\/es\/\"},{\"@type\":\"ListItem\",\"position\":2,\"name\":\"Las 6 motos Campeonas del Mundo\"}]},{\"@type\":\"WebSite\",\"@id\":\"http:\/\/pre.boxrepsol.com\/es\/#website\",\"url\":\"http:\/\/pre.boxrepsol.com\/es\/\",\"name\":\"Box Repsol\",\"description\":\"Box Repsol Site\",\"publisher\":{\"@id\":\"http:\/\/pre.boxrepsol.com\/es\/#organization\"},\"potentialAction\":[{\"@type\":\"SearchAction\",\"target\":{\"@type\":\"EntryPoint\",\"urlTemplate\":\"http:\/\/pre.boxrepsol.com\/es\/?s={search_term_string}\"},\"query-input\":{\"@type\":\"PropertyValueSpecification\",\"valueRequired\":true,\"valueName\":\"search_term_string\"}}],\"inLanguage\":\"es\"},{\"@type\":\"Organization\",\"@id\":\"http:\/\/pre.boxrepsol.com\/es\/#organization\",\"name\":\"Box Repsol\",\"url\":\"http:\/\/pre.boxrepsol.com\/es\/\",\"logo\":{\"@type\":\"ImageObject\",\"inLanguage\":\"es\",\"@id\":\"http:\/\/pre.boxrepsol.com\/es\/#\/schema\/logo\/image\/\",\"url\":\"http:\/\/bxrepsol-pre.s3.eu-west-1.amazonaws.com\/static\/2022\/07\/11064028\/icon.png\",\"contentUrl\":\"http:\/\/bxrepsol-pre.s3.eu-west-1.amazonaws.com\/static\/2022\/07\/11064028\/icon.png\",\"width\":192,\"height\":192,\"caption\":\"Box Repsol\"},\"image\":{\"@id\":\"http:\/\/pre.boxrepsol.com\/es\/#\/schema\/logo\/image\/\"},\"sameAs\":[\"https:\/\/www.facebook.com\/BoxRepsol\",\"https:\/\/x.com\/box_repsol\"]}]}<\/script>\n<!-- \/ Yoast SEO plugin. -->","yoast_head_json":{"title":"Las 6 motos Campeonas del Mundo - Box Repsol","canonical":"http:\/\/pre.boxrepsol.com\/es\/las-6-motos-campeonas-del-mundo\/","og_locale":"es_ES","og_type":"article","og_title":"Las 6 motos Campeonas del Mundo - Box Repsol","og_description":"Doohan Crivill\u00e9 Rossi Hayden Stoner M\u00e1rquez Descubre c\u00f3mo Honda y Repsol dieron forma a las 6 motos que han llevado a nuestros pilotos a ser Campeones de la m\u00e1xima categor\u00eda del Mundial de Motociclismo.","og_url":"http:\/\/pre.boxrepsol.com\/es\/las-6-motos-campeonas-del-mundo\/","og_site_name":"Box Repsol","article_publisher":"https:\/\/www.facebook.com\/BoxRepsol","article_modified_time":"2022-09-20T07:41:07+00:00","og_image":[{"url":"https:\/\/s3-eu-west-1.amazonaws.com\/boxrepsol-site\/themes\/repsolbox-next\/20220906092956\/dist\/images\/motos-campeonas\/motos-leyenda.png","type":"","width":"","height":""}],"twitter_card":"summary_large_image","twitter_site":"@box_repsol","schema":{"@context":"https:\/\/schema.org","@graph":[{"@type":"WebPage","@id":"http:\/\/pre.boxrepsol.com\/es\/las-6-motos-campeonas-del-mundo\/","url":"http:\/\/pre.boxrepsol.com\/es\/las-6-motos-campeonas-del-mundo\/","name":"Las 6 motos Campeonas del Mundo - Box Repsol","isPartOf":{"@id":"http:\/\/pre.boxrepsol.com\/es\/#website"},"primaryImageOfPage":{"@id":"http:\/\/pre.boxrepsol.com\/es\/las-6-motos-campeonas-del-mundo\/#primaryimage"},"image":{"@id":"http:\/\/pre.boxrepsol.com\/es\/las-6-motos-campeonas-del-mundo\/#primaryimage"},"thumbnailUrl":"https:\/\/s3-eu-west-1.amazonaws.com\/boxrepsol-site\/themes\/repsolbox-next\/20220906092956\/dist\/images\/motos-campeonas\/motos-leyenda.png","datePublished":"2017-05-04T02:00:00+00:00","dateModified":"2022-09-20T07:41:07+00:00","breadcrumb":{"@id":"http:\/\/pre.boxrepsol.com\/es\/las-6-motos-campeonas-del-mundo\/#breadcrumb"},"inLanguage":"es","potentialAction":[{"@type":"ReadAction","target":["http:\/\/pre.boxrepsol.com\/es\/las-6-motos-campeonas-del-mundo\/"]}]},{"@type":"ImageObject","inLanguage":"es","@id":"http:\/\/pre.boxrepsol.com\/es\/las-6-motos-campeonas-del-mundo\/#primaryimage","url":"https:\/\/s3-eu-west-1.amazonaws.com\/boxrepsol-site\/themes\/repsolbox-next\/20220906092956\/dist\/images\/motos-campeonas\/motos-leyenda.png","contentUrl":"https:\/\/s3-eu-west-1.amazonaws.com\/boxrepsol-site\/themes\/repsolbox-next\/20220906092956\/dist\/images\/motos-campeonas\/motos-leyenda.png"},{"@type":"BreadcrumbList","@id":"http:\/\/pre.boxrepsol.com\/es\/las-6-motos-campeonas-del-mundo\/#breadcrumb","itemListElement":[{"@type":"ListItem","position":1,"name":"Home","item":"http:\/\/pre.boxrepsol.com\/es\/"},{"@type":"ListItem","position":2,"name":"Las 6 motos Campeonas del Mundo"}]},{"@type":"WebSite","@id":"http:\/\/pre.boxrepsol.com\/es\/#website","url":"http:\/\/pre.boxrepsol.com\/es\/","name":"Box Repsol","description":"Box Repsol Site","publisher":{"@id":"http:\/\/pre.boxrepsol.com\/es\/#organization"},"potentialAction":[{"@type":"SearchAction","target":{"@type":"EntryPoint","urlTemplate":"http:\/\/pre.boxrepsol.com\/es\/?s={search_term_string}"},"query-input":{"@type":"PropertyValueSpecification","valueRequired":true,"valueName":"search_term_string"}}],"inLanguage":"es"},{"@type":"Organization","@id":"http:\/\/pre.boxrepsol.com\/es\/#organization","name":"Box Repsol","url":"http:\/\/pre.boxrepsol.com\/es\/","logo":{"@type":"ImageObject","inLanguage":"es","@id":"http:\/\/pre.boxrepsol.com\/es\/#\/schema\/logo\/image\/","url":"http:\/\/bxrepsol-pre.s3.eu-west-1.amazonaws.com\/static\/2022\/07\/11064028\/icon.png","contentUrl":"http:\/\/bxrepsol-pre.s3.eu-west-1.amazonaws.com\/static\/2022\/07\/11064028\/icon.png","width":192,"height":192,"caption":"Box Repsol"},"image":{"@id":"http:\/\/pre.boxrepsol.com\/es\/#\/schema\/logo\/image\/"},"sameAs":["https:\/\/www.facebook.com\/BoxRepsol","https:\/\/x.com\/box_repsol"]}]}},"_links":{"self":[{"href":"http:\/\/pre.boxrepsol.com\/es\/wp-json\/wp\/v2\/pages\/3747","targetHints":{"allow":["GET"]}}],"collection":[{"href":"http:\/\/pre.boxrepsol.com\/es\/wp-json\/wp\/v2\/pages"}],"about":[{"href":"http:\/\/pre.boxrepsol.com\/es\/wp-json\/wp\/v2\/types\/page"}],"author":[{"embeddable":true,"href":"http:\/\/pre.boxrepsol.com\/es\/wp-json\/wp\/v2\/users\/1"}],"replies":[{"embeddable":true,"href":"http:\/\/pre.boxrepsol.com\/es\/wp-json\/wp\/v2\/comments?post=3747"}],"version-history":[{"count":4,"href":"http:\/\/pre.boxrepsol.com\/es\/wp-json\/wp\/v2\/pages\/3747\/revisions"}],"predecessor-version":[{"id":69125,"href":"http:\/\/pre.boxrepsol.com\/es\/wp-json\/wp\/v2\/pages\/3747\/revisions\/69125"}],"wp:attachment":[{"href":"http:\/\/pre.boxrepsol.com\/es\/wp-json\/wp\/v2\/media?parent=3747"}],"curies":[{"name":"wp","href":"https:\/\/api.w.org\/{rel}","templated":true}]}}