{"id":3749,"date":"2017-05-04T00:00:00","date_gmt":"2017-05-04T02:00:00","guid":{"rendered":"http:\/\/pre.boxrepsol.com\/nsr500-doohan\/"},"modified":"2022-09-20T05:33:53","modified_gmt":"2022-09-20T07:33:53","slug":"nsr500-doohan","status":"publish","type":"page","link":"http:\/\/pre.boxrepsol.com\/es\/las-6-motos-campeonas-del-mundo\/nsr500-doohan\/","title":{"rendered":"NSR 500 Doohan"},"content":{"rendered":"<div id=\"cont-motos-leyenda\" class=\"ficha-moto estirar\">\n<p>    <!-- ====== CABECERA DE LA FICHA ===== --><\/p>\n<div class=\"cab-ficha estirar\">\n<h2>\n            <a href=\"\/las-6-motos-campeonas-del-mundo\/\" title=\"Las 6 motos campeonas del mundo\"><img decoding=\"async\" src=\"http:\/\/pre.boxrepsol.com\/wp-content\/themes\/theme-boxrepsol-child\/static\/images\/motos-campeonas\/titular-6-motos-campeonas.png\" alt=\"Las 6 Motos campeonas del mundo\"><\/a><\/h2>\n<ul class=\"nav-motos estirar\">\n<li class=\"me-3 me-md-0 ms-2 ms-md-0\">\n<a class=\"relmob active\" href=\"\/las-6-motos-campeonas-del-mundo\/nsr500-doohan\/\" title=\"Repsol Honda NSR 500\" target=\"_top\" rel=\"noopener\"><span>Doohan<\/span><img decoding=\"async\" src=\"http:\/\/pre.boxrepsol.com\/wp-content\/themes\/theme-boxrepsol-child\/static\/images\/motos-campeonas\/motos\/min\/moto_02.png\" title=\"Repsol Honda NSR 500\" alt=\"La moto de Mick Doohan\"><br \/>\n<\/a><\/li>\n<li class=\"me-3 me-md-0 ms-2 ms-md-0\">\n<a class=\"relmob\" href=\"\/las-6-motos-campeonas-del-mundo\/nsr500-criville\/\" title=\"Repsol Honda NSR 500\" target=\"_top\" rel=\"noopener\"><span>Crivill\u00e9<\/span><img decoding=\"async\" src=\"http:\/\/pre.boxrepsol.com\/wp-content\/themes\/theme-boxrepsol-child\/static\/images\/motos-campeonas\/motos\/min\/moto_01.png\" title=\"Repsol Honda NSR 500\" alt=\"La moto de \u00c1lex Crivill\u00e9\"><\/a><\/li>\n<li class=\"me-3 me-md-0 ms-2 ms-md-0\">\n<a class=\"relmob\" href=\"\/las-6-motos-campeonas-del-mundo\/rc211v-rossi\/\" title=\"Repsol Honda RC211V\" target=\"_top\" rel=\"noopener\"><span>Rossi<\/span><img decoding=\"async\" src=\"http:\/\/pre.boxrepsol.com\/wp-content\/themes\/theme-boxrepsol-child\/static\/images\/motos-campeonas\/motos\/min\/moto_05.png\" title=\"Repsol Honda RC211V\" alt=\"La moto de Valentino Rossi\"><\/a><\/li>\n<li class=\"me-3 me-md-0 ms-2 ms-md-0\">\n<a class=\"relmob\" href=\"\/las-6-motos-campeonas-del-mundo\/rc211v-hayden\/\" title=\"Repsol Honda RC211V\" target=\"_top\" rel=\"noopener\"><span>Hayden<\/span><img decoding=\"async\" src=\"http:\/\/pre.boxrepsol.com\/wp-content\/themes\/theme-boxrepsol-child\/static\/images\/motos-campeonas\/motos\/min\/moto_03.png\" title=\"Repsol Honda RC211V\" alt=\"La moto de Nicky Hayden\"><br \/>\n<\/a><\/li>\n<li class=\"me-3 me-md-0 ms-2 ms-md-0\">\n<a class=\"relmob\" href=\"\/las-6-motos-campeonas-del-mundo\/rc212v-stoner\/\" title=\"Repsol Honda RC212V\" target=\"_top\" rel=\"noopener\"><span>Stoner<\/span><img decoding=\"async\" src=\"http:\/\/pre.boxrepsol.com\/wp-content\/themes\/theme-boxrepsol-child\/static\/images\/motos-campeonas\/motos\/min\/moto_06.png\" title=\"Repsol Honda RC212V\" alt=\"La moto de Casey Stoner\"><br \/>\n<\/a><\/li>\n<li class=\"me-3 me-md-0 ms-2 ms-md-0\">\n<a class=\"relmob\" href=\"\/las-6-motos-campeonas-del-mundo\/rc213v-marquez\/\" title=\"Repsol Honda RC213V\" target=\"_top\" rel=\"noopener\"><span>M\u00e1rquez<\/span><img decoding=\"async\" src=\"http:\/\/pre.boxrepsol.com\/wp-content\/themes\/theme-boxrepsol-child\/static\/images\/motos-campeonas\/motos\/min\/moto_04.png\" title=\"Repsol Honda RC213V \" alt=\"La moto de Marc M\u00e1rquez\"><br \/>\n<\/a><\/li>\n<\/ul>\n<\/div>\n<p><!-- ====== CABECERA DE LA FICHA ===== --><\/p>\n<div class=\"cont-ficha\">\n<div class=\"detalles-ficha\">\n<h3>Honda <strong>NSR 500<\/strong> (1995-1998)<\/h3>\n<p>El nombre del piloto Mick Doohan estar\u00e1 para siempre ligado a esta moto legendaria. <strong>Cinco t\u00edtulos mundiales avalan al piloto australiano<\/strong>, cuatro de los cuales los obtuvo con los colores del Equipo Repsol Honda.<\/p>\n<\/div>\n<div class=\"galeria estirar\">\n<div class=\"\">\n<div class=\"foto\"><a id=\"zoom\" class=\"push__datalayer\" href=\"http:\/\/pre.boxrepsol.com\/wp-content\/themes\/theme-boxrepsol-child\/static\/images\/motos-campeonas\/motos\/doohan\/grandes\/01.jpg\" data-gallery=\"\" title=\"Repsol Honda NSR 500\"><br \/>\n<img decoding=\"async\" src=\"http:\/\/pre.boxrepsol.com\/wp-content\/themes\/theme-boxrepsol-child\/static\/images\/motos-campeonas\/motos\/doohan\/01.png\" alt=\"Repsol Honda NSR 500\"><br \/>\n<\/a><\/div>\n<\/div>\n<div class=\"\">\n<ul>\n<li><a class=\"replace-zoom\" href=\"#\" rel=\"nofollow\" data-image-src=\"http:\/\/pre.boxrepsol.com\/wp-content\/themes\/theme-boxrepsol-child\/static\/images\/motos-campeonas\/motos\/doohan\/01.png\" data-image-zoom=\"http:\/\/pre.boxrepsol.com\/wp-content\/themes\/theme-boxrepsol-child\/static\/images\/motos-campeonas\/motos\/doohan\/grandes\/01.jpg\" title=\"Repsol Honda NSR 500\"><img decoding=\"async\" src=\"http:\/\/pre.boxrepsol.com\/wp-content\/themes\/theme-boxrepsol-child\/static\/images\/motos-campeonas\/motos\/doohan\/mini\/01.jpg\" title=\"Repsol Honda NSR 500\" alt=\"Vista lateral de la moto\"><\/a><\/li>\n<li><a class=\"replace-zoom\" href=\"#\" rel=\"nofollow\" data-image-src=\"http:\/\/pre.boxrepsol.com\/wp-content\/themes\/theme-boxrepsol-child\/static\/images\/motos-campeonas\/motos\/doohan\/02.png\" data-image-zoom=\"http:\/\/pre.boxrepsol.com\/wp-content\/themes\/theme-boxrepsol-child\/static\/images\/motos-campeonas\/motos\/doohan\/grandes\/02.jpg\" title=\"Repsol Honda NSR 500\"><img decoding=\"async\" src=\"http:\/\/pre.boxrepsol.com\/wp-content\/themes\/theme-boxrepsol-child\/static\/images\/motos-campeonas\/motos\/doohan\/mini\/02.jpg\" title=\"Repsol Honda NSR 500\" alt=\"Vista frontal de la moto\"><\/a><\/li>\n<li class=\"no-margin\"><a class=\"replace-zoom\" href=\"#\" rel=\"nofollow\" data-image-src=\"http:\/\/pre.boxrepsol.com\/wp-content\/themes\/theme-boxrepsol-child\/static\/images\/motos-campeonas\/motos\/doohan\/03.png\" data-image-zoom=\"http:\/\/pre.boxrepsol.com\/wp-content\/themes\/theme-boxrepsol-child\/static\/images\/motos-campeonas\/motos\/doohan\/grandes\/03.jpg\" title=\"Repsol Honda NSR 500\"><img decoding=\"async\" src=\"http:\/\/pre.boxrepsol.com\/wp-content\/themes\/theme-boxrepsol-child\/static\/images\/motos-campeonas\/motos\/doohan\/mini\/03.jpg\" title=\"Repsol Honda NSR 500\" alt=\"Vista trasera de la moto\"><\/a><\/li>\n<li><a class=\"replace-zoom\" href=\"#\" rel=\"nofollow\" data-image-src=\"http:\/\/pre.boxrepsol.com\/wp-content\/themes\/theme-boxrepsol-child\/static\/images\/motos-campeonas\/motos\/doohan\/04.png\" data-image-zoom=\"http:\/\/pre.boxrepsol.com\/wp-content\/themes\/theme-boxrepsol-child\/static\/images\/motos-campeonas\/motos\/doohan\/grandes\/04.jpg\" title=\"Repsol Honda NSR 500\"><img decoding=\"async\" src=\"http:\/\/pre.boxrepsol.com\/wp-content\/themes\/theme-boxrepsol-child\/static\/images\/motos-campeonas\/motos\/doohan\/mini\/04.jpg\" title=\"Repsol Honda NSR 500\" alt=\"Detalle del veloc\u00edmetro de la moto\"><\/a><\/li>\n<li><a class=\"replace-zoom\" href=\"#\" rel=\"nofollow\" data-image-src=\"http:\/\/pre.boxrepsol.com\/wp-content\/themes\/theme-boxrepsol-child\/static\/images\/motos-campeonas\/motos\/doohan\/05.png\" data-image-zoom=\"http:\/\/pre.boxrepsol.com\/wp-content\/themes\/theme-boxrepsol-child\/static\/images\/motos-campeonas\/motos\/doohan\/grandes\/05.jpg\" title=\"Repsol Honda NSR 500\"><img decoding=\"async\" src=\"http:\/\/pre.boxrepsol.com\/wp-content\/themes\/theme-boxrepsol-child\/static\/images\/motos-campeonas\/motos\/doohan\/mini\/05.jpg\" title=\"Repsol Honda NSR 500\" alt=\"Detalle del logo Doohan de la moto\"><\/a><\/li>\n<li class=\"no-margin\"><a class=\"replace-zoom\" href=\"#\" rel=\"nofollow\" data-image-src=\"http:\/\/pre.boxrepsol.com\/wp-content\/themes\/theme-boxrepsol-child\/static\/images\/motos-campeonas\/motos\/doohan\/06.png\" data-image-zoom=\"http:\/\/pre.boxrepsol.com\/wp-content\/themes\/theme-boxrepsol-child\/static\/images\/motos-campeonas\/motos\/doohan\/grandes\/06.jpg\" title=\"Repsol Honda NSR 500\"><img decoding=\"async\" src=\"http:\/\/pre.boxrepsol.com\/wp-content\/themes\/theme-boxrepsol-child\/static\/images\/motos-campeonas\/motos\/doohan\/mini\/06.jpg\" title=\"Repsol Honda NSR 500\" alt=\"Detalle de la rueda de la moto\"><\/a><\/li>\n<\/ul>\n<\/div>\n<\/div>\n<div class=\"mas-info estirar d-flex flex-wrap justify-content-center ms-4 ms-md-0 me-4 me-md-0\">\n<div class=\"col-izq col-12 col-md-8 row\">\n<h3 class=\"col-12 col-md-8\">As\u00ed se gest\u00f3 la moto campeona de Doohan:<\/h3>\n<div class=\"mod-izq col-12 col-md-6\">\n<p>Haciendo su debut en la temporada 1984, la NSR500 pronto se convirti\u00f3 en una m\u00e1quina de leyenda, con unas prestaciones para la \u00e9poca que pocos pilotos lograban exprimir al m\u00e1ximo. Fue en 1992 cuando <strong>Honda desarroll\u00f3 el \u201cBig Bang\u201d<\/strong>, un nuevo motor con un orden de encendido totalmente diferente, que suavizaba el funcionamiento del propulsor. Doohan en algunos a\u00f1os prefiri\u00f3 usar el viejo screamer, m\u00e1s agresivo.<\/p>\n<\/div>\n<div class=\"mod-der col-12 col-md-5\">\n<div class=\"mod-twitter\"><a href=\"http:\/\/twitter.com\/share?text=En%201992%20Honda%20revolucion%C3%B3%20el%20Mundial:%20desarroll%C3%B3%20el%20motor%20%E2%80%9CBig%20Bang%E2%80%9D&amp;url=http:\/\/bit.ly\/1uGyhpb\" title=\"Compartir en Twitter\" target=\"_blank\" rel=\"noopener\">En 1992 Honda revolucion\u00f3 el Mundial: desarroll\u00f3 el motor \u201cBig Bang\u201d<\/a><br \/>\n<a class=\"twitter-share-button\" href=\"http:\/\/twitter.com\/share?text=En%201992%20Honda%20revolucion%C3%B3%20el%20Mundial:%20desarroll%C3%B3%20el%20motor%20%E2%80%9CBig%20Bang%E2%80%9D&amp;url=http:\/\/bit.ly\/1uGyhpb\" title=\"Compartir en Twitter\" target=\"_blank\" rel=\"noopener\">Compartir<\/a><\/div>\n<p>Eran m\u00e1s de 180 caballos de potencia, una m\u00e1quina agresiva que exig\u00eda un gran nivel de pilotaje. Mick Doohan demostr\u00f3 que \u00e9l era el piloto adecuado para domar esta moto.<\/p>\n<\/div>\n<\/div>\n<div class=\"col-der col-10 col-md-4\">\n<h3><img decoding=\"async\" src=\"http:\/\/pre.boxrepsol.com\/wp-content\/themes\/theme-boxrepsol-child\/static\/images\/motos-campeonas\/txt-palmares.png\" alt=\"Palmar\u00e9s\"><\/h3>\n<ul>\n<li>Campeonatos Mundiales: <strong>4<\/strong><\/li>\n<li>Victorias con Doohan (de 1995 a 1998): <strong>35<\/strong><\/li>\n<li>Podios con Doohan (de 1995 a 1998): <strong>47<\/strong><\/li>\n<\/ul>\n<\/div>\n<\/div>\n<\/div>\n<\/div>\n","protected":false},"excerpt":{"rendered":"<p>Doohan Crivill\u00e9 Rossi Hayden Stoner M\u00e1rquez Honda NSR 500 (1995-1998) El nombre del piloto Mick Doohan estar\u00e1 para siempre ligado a esta moto legendaria. Cinco t\u00edtulos mundiales avalan al piloto australiano, cuatro de los cuales los obtuvo con los colores del Equipo Repsol Honda. As\u00ed se gest\u00f3 la moto campeona de Doohan: Haciendo su debut [&hellip;]<\/p>\n","protected":false},"author":1,"featured_media":0,"parent":3747,"menu_order":0,"comment_status":"closed","ping_status":"closed","template":"","meta":{"footnotes":""},"class_list":["post-3749","page","type-page","status-publish","hentry"],"yoast_head":"<!-- This site is optimized with the Yoast SEO plugin v27.2 - https:\/\/yoast.com\/product\/yoast-seo-wordpress\/ -->\n<title>NSR 500 Doohan - Box Repsol<\/title>\n<link rel=\"canonical\" href=\"http:\/\/pre.boxrepsol.com\/es\/las-6-motos-campeonas-del-mundo\/nsr500-doohan\/\" \/>\n<meta property=\"og:locale\" content=\"es_ES\" \/>\n<meta property=\"og:type\" content=\"article\" \/>\n<meta property=\"og:title\" content=\"NSR 500 Doohan - Box Repsol\" \/>\n<meta property=\"og:description\" content=\"Doohan Crivill\u00e9 Rossi Hayden Stoner M\u00e1rquez Honda NSR 500 (1995-1998) El nombre del piloto Mick Doohan estar\u00e1 para siempre ligado a esta moto legendaria. Cinco t\u00edtulos mundiales avalan al piloto australiano, cuatro de los cuales los obtuvo con los colores del Equipo Repsol Honda. As\u00ed se gest\u00f3 la moto campeona de Doohan: Haciendo su debut [&hellip;]\" \/>\n<meta property=\"og:url\" content=\"http:\/\/pre.boxrepsol.com\/es\/las-6-motos-campeonas-del-mundo\/nsr500-doohan\/\" \/>\n<meta property=\"og:site_name\" content=\"Box Repsol\" \/>\n<meta property=\"article:publisher\" content=\"https:\/\/www.facebook.com\/BoxRepsol\" \/>\n<meta property=\"article:modified_time\" content=\"2022-09-20T07:33:53+00:00\" \/>\n<meta name=\"twitter:card\" content=\"summary_large_image\" \/>\n<meta name=\"twitter:site\" content=\"@box_repsol\" \/>\n<meta name=\"twitter:label1\" content=\"Est. reading time\" \/>\n\t<meta name=\"twitter:data1\" content=\"1 minuto\" \/>\n<script type=\"application\/ld+json\" class=\"yoast-schema-graph\">{\"@context\":\"https:\/\/schema.org\",\"@graph\":[{\"@type\":\"WebPage\",\"@id\":\"http:\/\/pre.boxrepsol.com\/es\/las-6-motos-campeonas-del-mundo\/nsr500-doohan\/\",\"url\":\"http:\/\/pre.boxrepsol.com\/es\/las-6-motos-campeonas-del-mundo\/nsr500-doohan\/\",\"name\":\"NSR 500 Doohan - Box Repsol\",\"isPartOf\":{\"@id\":\"http:\/\/pre.boxrepsol.com\/es\/#website\"},\"datePublished\":\"2017-05-04T02:00:00+00:00\",\"dateModified\":\"2022-09-20T07:33:53+00:00\",\"breadcrumb\":{\"@id\":\"http:\/\/pre.boxrepsol.com\/es\/las-6-motos-campeonas-del-mundo\/nsr500-doohan\/#breadcrumb\"},\"inLanguage\":\"es\",\"potentialAction\":[{\"@type\":\"ReadAction\",\"target\":[\"http:\/\/pre.boxrepsol.com\/es\/las-6-motos-campeonas-del-mundo\/nsr500-doohan\/\"]}]},{\"@type\":\"BreadcrumbList\",\"@id\":\"http:\/\/pre.boxrepsol.com\/es\/las-6-motos-campeonas-del-mundo\/nsr500-doohan\/#breadcrumb\",\"itemListElement\":[{\"@type\":\"ListItem\",\"position\":1,\"name\":\"Home\",\"item\":\"http:\/\/pre.boxrepsol.com\/es\/\"},{\"@type\":\"ListItem\",\"position\":2,\"name\":\"Las 6 motos Campeonas del Mundo\",\"item\":\"http:\/\/pre.boxrepsol.com\/es\/las-6-motos-campeonas-del-mundo\/\"},{\"@type\":\"ListItem\",\"position\":3,\"name\":\"NSR 500 Doohan\"}]},{\"@type\":\"WebSite\",\"@id\":\"http:\/\/pre.boxrepsol.com\/es\/#website\",\"url\":\"http:\/\/pre.boxrepsol.com\/es\/\",\"name\":\"Box Repsol\",\"description\":\"Box Repsol Site\",\"publisher\":{\"@id\":\"http:\/\/pre.boxrepsol.com\/es\/#organization\"},\"potentialAction\":[{\"@type\":\"SearchAction\",\"target\":{\"@type\":\"EntryPoint\",\"urlTemplate\":\"http:\/\/pre.boxrepsol.com\/es\/?s={search_term_string}\"},\"query-input\":{\"@type\":\"PropertyValueSpecification\",\"valueRequired\":true,\"valueName\":\"search_term_string\"}}],\"inLanguage\":\"es\"},{\"@type\":\"Organization\",\"@id\":\"http:\/\/pre.boxrepsol.com\/es\/#organization\",\"name\":\"Box Repsol\",\"url\":\"http:\/\/pre.boxrepsol.com\/es\/\",\"logo\":{\"@type\":\"ImageObject\",\"inLanguage\":\"es\",\"@id\":\"http:\/\/pre.boxrepsol.com\/es\/#\/schema\/logo\/image\/\",\"url\":\"http:\/\/bxrepsol-pre.s3.eu-west-1.amazonaws.com\/static\/2022\/07\/11064028\/icon.png\",\"contentUrl\":\"http:\/\/bxrepsol-pre.s3.eu-west-1.amazonaws.com\/static\/2022\/07\/11064028\/icon.png\",\"width\":192,\"height\":192,\"caption\":\"Box Repsol\"},\"image\":{\"@id\":\"http:\/\/pre.boxrepsol.com\/es\/#\/schema\/logo\/image\/\"},\"sameAs\":[\"https:\/\/www.facebook.com\/BoxRepsol\",\"https:\/\/x.com\/box_repsol\"]}]}<\/script>\n<!-- \/ Yoast SEO plugin. -->","yoast_head_json":{"title":"NSR 500 Doohan - Box Repsol","canonical":"http:\/\/pre.boxrepsol.com\/es\/las-6-motos-campeonas-del-mundo\/nsr500-doohan\/","og_locale":"es_ES","og_type":"article","og_title":"NSR 500 Doohan - Box Repsol","og_description":"Doohan Crivill\u00e9 Rossi Hayden Stoner M\u00e1rquez Honda NSR 500 (1995-1998) El nombre del piloto Mick Doohan estar\u00e1 para siempre ligado a esta moto legendaria. Cinco t\u00edtulos mundiales avalan al piloto australiano, cuatro de los cuales los obtuvo con los colores del Equipo Repsol Honda. As\u00ed se gest\u00f3 la moto campeona de Doohan: Haciendo su debut [&hellip;]","og_url":"http:\/\/pre.boxrepsol.com\/es\/las-6-motos-campeonas-del-mundo\/nsr500-doohan\/","og_site_name":"Box Repsol","article_publisher":"https:\/\/www.facebook.com\/BoxRepsol","article_modified_time":"2022-09-20T07:33:53+00:00","twitter_card":"summary_large_image","twitter_site":"@box_repsol","twitter_misc":{"Est. reading time":"1 minuto"},"schema":{"@context":"https:\/\/schema.org","@graph":[{"@type":"WebPage","@id":"http:\/\/pre.boxrepsol.com\/es\/las-6-motos-campeonas-del-mundo\/nsr500-doohan\/","url":"http:\/\/pre.boxrepsol.com\/es\/las-6-motos-campeonas-del-mundo\/nsr500-doohan\/","name":"NSR 500 Doohan - Box Repsol","isPartOf":{"@id":"http:\/\/pre.boxrepsol.com\/es\/#website"},"datePublished":"2017-05-04T02:00:00+00:00","dateModified":"2022-09-20T07:33:53+00:00","breadcrumb":{"@id":"http:\/\/pre.boxrepsol.com\/es\/las-6-motos-campeonas-del-mundo\/nsr500-doohan\/#breadcrumb"},"inLanguage":"es","potentialAction":[{"@type":"ReadAction","target":["http:\/\/pre.boxrepsol.com\/es\/las-6-motos-campeonas-del-mundo\/nsr500-doohan\/"]}]},{"@type":"BreadcrumbList","@id":"http:\/\/pre.boxrepsol.com\/es\/las-6-motos-campeonas-del-mundo\/nsr500-doohan\/#breadcrumb","itemListElement":[{"@type":"ListItem","position":1,"name":"Home","item":"http:\/\/pre.boxrepsol.com\/es\/"},{"@type":"ListItem","position":2,"name":"Las 6 motos Campeonas del Mundo","item":"http:\/\/pre.boxrepsol.com\/es\/las-6-motos-campeonas-del-mundo\/"},{"@type":"ListItem","position":3,"name":"NSR 500 Doohan"}]},{"@type":"WebSite","@id":"http:\/\/pre.boxrepsol.com\/es\/#website","url":"http:\/\/pre.boxrepsol.com\/es\/","name":"Box Repsol","description":"Box Repsol Site","publisher":{"@id":"http:\/\/pre.boxrepsol.com\/es\/#organization"},"potentialAction":[{"@type":"SearchAction","target":{"@type":"EntryPoint","urlTemplate":"http:\/\/pre.boxrepsol.com\/es\/?s={search_term_string}"},"query-input":{"@type":"PropertyValueSpecification","valueRequired":true,"valueName":"search_term_string"}}],"inLanguage":"es"},{"@type":"Organization","@id":"http:\/\/pre.boxrepsol.com\/es\/#organization","name":"Box Repsol","url":"http:\/\/pre.boxrepsol.com\/es\/","logo":{"@type":"ImageObject","inLanguage":"es","@id":"http:\/\/pre.boxrepsol.com\/es\/#\/schema\/logo\/image\/","url":"http:\/\/bxrepsol-pre.s3.eu-west-1.amazonaws.com\/static\/2022\/07\/11064028\/icon.png","contentUrl":"http:\/\/bxrepsol-pre.s3.eu-west-1.amazonaws.com\/static\/2022\/07\/11064028\/icon.png","width":192,"height":192,"caption":"Box Repsol"},"image":{"@id":"http:\/\/pre.boxrepsol.com\/es\/#\/schema\/logo\/image\/"},"sameAs":["https:\/\/www.facebook.com\/BoxRepsol","https:\/\/x.com\/box_repsol"]}]}},"_links":{"self":[{"href":"http:\/\/pre.boxrepsol.com\/es\/wp-json\/wp\/v2\/pages\/3749","targetHints":{"allow":["GET"]}}],"collection":[{"href":"http:\/\/pre.boxrepsol.com\/es\/wp-json\/wp\/v2\/pages"}],"about":[{"href":"http:\/\/pre.boxrepsol.com\/es\/wp-json\/wp\/v2\/types\/page"}],"author":[{"embeddable":true,"href":"http:\/\/pre.boxrepsol.com\/es\/wp-json\/wp\/v2\/users\/1"}],"replies":[{"embeddable":true,"href":"http:\/\/pre.boxrepsol.com\/es\/wp-json\/wp\/v2\/comments?post=3749"}],"version-history":[{"count":4,"href":"http:\/\/pre.boxrepsol.com\/es\/wp-json\/wp\/v2\/pages\/3749\/revisions"}],"predecessor-version":[{"id":69123,"href":"http:\/\/pre.boxrepsol.com\/es\/wp-json\/wp\/v2\/pages\/3749\/revisions\/69123"}],"up":[{"embeddable":true,"href":"http:\/\/pre.boxrepsol.com\/es\/wp-json\/wp\/v2\/pages\/3747"}],"wp:attachment":[{"href":"http:\/\/pre.boxrepsol.com\/es\/wp-json\/wp\/v2\/media?parent=3749"}],"curies":[{"name":"wp","href":"https:\/\/api.w.org\/{rel}","templated":true}]}}