{"id":3751,"date":"2017-05-04T00:00:00","date_gmt":"2017-05-04T02:00:00","guid":{"rendered":"http:\/\/pre.boxrepsol.com\/nsr500-criville\/"},"modified":"2022-09-20T05:40:27","modified_gmt":"2022-09-20T07:40:27","slug":"nsr500-criville","status":"publish","type":"page","link":"http:\/\/pre.boxrepsol.com\/es\/las-6-motos-campeonas-del-mundo\/nsr500-criville\/","title":{"rendered":"NSR 500 Crivill\u00e9"},"content":{"rendered":"<div id=\"cont-motos-leyenda\" class=\"ficha-moto estirar\">\n<p>    <!-- ====== CABECERA DE LA FICHA ===== --><\/p>\n<div class=\"cab-ficha estirar\">\n<h2>\n            <a href=\"\/las-6-motos-campeonas-del-mundo\/\" title=\"Las 6 motos campeonas del mundo\"><img decoding=\"async\" src=\"http:\/\/pre.boxrepsol.com\/wp-content\/themes\/theme-boxrepsol-child\/static\/images\/motos-campeonas\/titular-6-motos-campeonas.png\" alt=\"Las 6 Motos campeonas del mundo\"><\/a><\/h2>\n<ul class=\"nav-motos estirar\">\n<li class=\"me-3 me-md-0 ms-2 ms-md-0\">\n<a class=\"relmob\" href=\"\/las-6-motos-campeonas-del-mundo\/nsr500-doohan\/\" title=\"Repsol Honda NSR 500\" target=\"_top\" rel=\"noopener\"><span>Doohan<\/span><img decoding=\"async\" src=\"http:\/\/pre.boxrepsol.com\/wp-content\/themes\/theme-boxrepsol-child\/static\/images\/motos-campeonas\/motos\/min\/moto_02.png\" title=\"Repsol Honda NSR 500\" alt=\"La moto de Mick Doohan\"><br \/>\n<\/a><\/li>\n<li class=\"me-3 me-md-0 ms-2 ms-md-0\">\n<a class=\"relmob active\" href=\"\/las-6-motos-campeonas-del-mundo\/nsr500-criville\/\" title=\"Repsol Honda NSR 500\" target=\"_top\" rel=\"noopener\"><span>Crivill\u00e9<\/span><img decoding=\"async\" src=\"http:\/\/pre.boxrepsol.com\/wp-content\/themes\/theme-boxrepsol-child\/static\/images\/motos-campeonas\/motos\/min\/moto_01.png\" title=\"Repsol Honda NSR 500\" alt=\"La moto de \u00c1lex Crivill\u00e9\"><\/a><\/li>\n<li class=\"me-3 me-md-0 ms-2 ms-md-0\">\n<a class=\"relmob\" href=\"\/las-6-motos-campeonas-del-mundo\/rc211v-rossi\/\" title=\"Repsol Honda RC211V\" target=\"_top\" rel=\"noopener\"><span>Rossi<\/span><img decoding=\"async\" src=\"http:\/\/pre.boxrepsol.com\/wp-content\/themes\/theme-boxrepsol-child\/static\/images\/motos-campeonas\/motos\/min\/moto_05.png\" title=\"Repsol Honda RC211V\" alt=\"La moto de Valentino Rossi\"><\/a><\/li>\n<li class=\"me-3 me-md-0 ms-2 ms-md-0\">\n<a class=\"relmob\" href=\"\/las-6-motos-campeonas-del-mundo\/rc211v-hayden\/\" title=\"Repsol Honda RC211V\" target=\"_top\" rel=\"noopener\"><span>Hayden<\/span><img decoding=\"async\" src=\"http:\/\/pre.boxrepsol.com\/wp-content\/themes\/theme-boxrepsol-child\/static\/images\/motos-campeonas\/motos\/min\/moto_03.png\" title=\"Repsol Honda RC211V\" alt=\"La moto de Nicky Hayden\"><br \/>\n<\/a><\/li>\n<li class=\"me-3 me-md-0 ms-2 ms-md-0\">\n<a class=\"relmob\" href=\"\/las-6-motos-campeonas-del-mundo\/rc212v-stoner\/\" title=\"Repsol Honda RC212V\" target=\"_top\" rel=\"noopener\"><span>Stoner<\/span><img decoding=\"async\" src=\"http:\/\/pre.boxrepsol.com\/wp-content\/themes\/theme-boxrepsol-child\/static\/images\/motos-campeonas\/motos\/min\/moto_06.png\" title=\"Repsol Honda RC212V\" alt=\"La moto de Casey Stoner\"><br \/>\n<\/a><\/li>\n<li class=\"me-3 me-md-0 ms-2 ms-md-0\">\n<a class=\"relmob\" href=\"\/las-6-motos-campeonas-del-mundo\/rc213v-marquez\/\" title=\"Repsol Honda RC213V\" target=\"_top\" rel=\"noopener\"><span>M\u00e1rquez<\/span><img decoding=\"async\" src=\"http:\/\/pre.boxrepsol.com\/wp-content\/themes\/theme-boxrepsol-child\/static\/images\/motos-campeonas\/motos\/min\/moto_04.png\" title=\"Repsol Honda RC213V \" alt=\"La moto de Marc M\u00e1rquez\"><br \/>\n<\/a><\/li>\n<\/ul>\n<\/div>\n<p><!-- ====== CABECERA DE LA FICHA ===== --><\/p>\n<div class=\"cont-ficha\">\n<div class=\"detalles-ficha\">\n<h3>Honda <strong>NSR 500<\/strong> (1999)<\/h3>\n<p>Adem\u00e1s de Mick Doohan, si hay otro piloto que el aficionado relaciona con la NSR500, ese es \u00c1lex Crivill\u00e9. Su T\u00edtulo Mundial, en el 99, supuso un <strong>hito hist\u00f3rico para el motociclismo espa\u00f1ol<\/strong>.<\/p>\n<\/div>\n<div class=\"galeria estirar\">\n<div class=\"\">\n<div class=\"foto\">\n            <a href=\"http:\/\/pre.boxrepsol.com\/wp-content\/themes\/theme-boxrepsol-child\/static\/images\/motos-campeonas\/motos\/criville\/grandes\/01.jpg\" id=\"zoom\" class=\"push__datalayer\" data-gallery=\"\" title=\"Repsol Honda NSR 500\"><br \/>\n<img decoding=\"async\" src=\"http:\/\/pre.boxrepsol.com\/wp-content\/themes\/theme-boxrepsol-child\/static\/images\/motos-campeonas\/motos\/criville\/01.png\" alt=\"Repsol Honda NSR 500\"><br \/>\n<\/a><\/div>\n<\/div>\n<div class=\"\">\n<ul>\n<li><a href=\"#\" data-image-src=\"http:\/\/pre.boxrepsol.com\/wp-content\/themes\/theme-boxrepsol-child\/static\/images\/motos-campeonas\/motos\/criville\/01.png\" data-image-zoom=\"http:\/\/pre.boxrepsol.com\/wp-content\/themes\/theme-boxrepsol-child\/static\/images\/motos-campeonas\/motos\/criville\/grandes\/01.jpg\" rel=\"nofollow\" class=\"replace-zoom\" title=\"Repsol Honda NSR 500\"><img decoding=\"async\" src=\"http:\/\/pre.boxrepsol.com\/wp-content\/themes\/theme-boxrepsol-child\/static\/images\/motos-campeonas\/motos\/criville\/mini\/01.jpg\" title=\"Repsol Honda NSR 500\" alt=\"Vista lateral de la moto\"><\/a><\/li>\n<li><a href=\"#\" data-image-src=\"http:\/\/pre.boxrepsol.com\/wp-content\/themes\/theme-boxrepsol-child\/static\/images\/motos-campeonas\/motos\/criville\/02.png\" data-image-zoom=\"http:\/\/pre.boxrepsol.com\/wp-content\/themes\/theme-boxrepsol-child\/static\/images\/motos-campeonas\/motos\/criville\/grandes\/02.jpg\" rel=\"nofollow\" class=\"replace-zoom\" title=\"Repsol Honda NSR 500\"><img decoding=\"async\" src=\"http:\/\/pre.boxrepsol.com\/wp-content\/themes\/theme-boxrepsol-child\/static\/images\/motos-campeonas\/motos\/criville\/mini\/02.jpg\" title=\"Repsol Honda NSR 500\" alt=\"Vista frontal de la moto\"><\/a><\/li>\n<li class=\"no-margin\"><a href=\"#\" data-image-src=\"http:\/\/pre.boxrepsol.com\/wp-content\/themes\/theme-boxrepsol-child\/static\/images\/motos-campeonas\/motos\/criville\/03.png\" data-image-zoom=\"http:\/\/pre.boxrepsol.com\/wp-content\/themes\/theme-boxrepsol-child\/static\/images\/motos-campeonas\/motos\/criville\/grandes\/03.jpg\" rel=\"nofollow\" class=\"replace-zoom\" title=\"Repsol Honda NSR 500\"><img decoding=\"async\" src=\"http:\/\/pre.boxrepsol.com\/wp-content\/themes\/theme-boxrepsol-child\/static\/images\/motos-campeonas\/motos\/criville\/mini\/03.jpg\" title=\"Repsol Honda NSR 500\" alt=\"Vista trasera de la moto\"><\/a><\/li>\n<li><a href=\"#\" data-image-src=\"http:\/\/pre.boxrepsol.com\/wp-content\/themes\/theme-boxrepsol-child\/static\/images\/motos-campeonas\/motos\/criville\/04.png\" data-image-zoom=\"http:\/\/pre.boxrepsol.com\/wp-content\/themes\/theme-boxrepsol-child\/static\/images\/motos-campeonas\/motos\/criville\/grandes\/04.jpg\" rel=\"nofollow\" class=\"replace-zoom\" title=\"Repsol Honda NSR 500\"><img decoding=\"async\" src=\"http:\/\/pre.boxrepsol.com\/wp-content\/themes\/theme-boxrepsol-child\/static\/images\/motos-campeonas\/motos\/criville\/mini\/04.jpg\" title=\"Repsol Honda NSR 500\" alt=\"Detalle del veloc\u00edmetro de la moto\"><\/a><\/li>\n<li><a href=\"#\" data-image-src=\"http:\/\/pre.boxrepsol.com\/wp-content\/themes\/theme-boxrepsol-child\/static\/images\/motos-campeonas\/motos\/criville\/05.png\" data-image-zoom=\"http:\/\/pre.boxrepsol.com\/wp-content\/themes\/theme-boxrepsol-child\/static\/images\/motos-campeonas\/motos\/criville\/grandes\/05.jpg\" rel=\"nofollow\" class=\"replace-zoom\" title=\"Repsol Honda NSR 500\"><img decoding=\"async\" src=\"http:\/\/pre.boxrepsol.com\/wp-content\/themes\/theme-boxrepsol-child\/static\/images\/motos-campeonas\/motos\/criville\/mini\/05.jpg\" title=\"Repsol Honda NSR 500\" alt=\"Detalle del logo Honda de la moto\"><\/a><\/li>\n<li class=\"no-margin\"><a href=\"#\" data-image-src=\"http:\/\/pre.boxrepsol.com\/wp-content\/themes\/theme-boxrepsol-child\/static\/images\/motos-campeonas\/motos\/criville\/06.png\" data-image-zoom=\"http:\/\/pre.boxrepsol.com\/wp-content\/themes\/theme-boxrepsol-child\/static\/images\/motos-campeonas\/motos\/criville\/grandes\/06.jpg\" rel=\"nofollow\" class=\"replace-zoom\" title=\"Repsol Honda NSR 500\"><img decoding=\"async\" src=\"http:\/\/pre.boxrepsol.com\/wp-content\/themes\/theme-boxrepsol-child\/static\/images\/motos-campeonas\/motos\/criville\/mini\/06.jpg\" title=\"Repsol Honda NSR 500\" alt=\"Detalle de la rueda de la moto\"><\/a><\/li>\n<\/ul>\n<\/div>\n<\/div>\n<div class=\"mas-info estirar d-flex flex-wrap justify-content-center ms-4 ms-md-0 me-4 me-md-0\">\n<div class=\"col-izq col-12 col-md-8 row\">\n<h3 class=\"col-12 col-md-8\">As\u00ed se gest\u00f3 la moto campeona de Crivill\u00e9:<\/h3>\n<div class=\"mod-izq col-12 col-md-6\">\n<p>Cuando \u00c1lex Crivill\u00e9 comenz\u00f3 a pilotar la NSR500, \u00e9sta ya era la mejor moto del escenario mundialista. Honda incorporaba el sistema de encendido \u201cBig Bang\u201d, siendo una montura m\u00e1s d\u00f3cil. Pero los <strong>cambios de reglamentaci\u00f3n<\/strong> en 1998 hicieron necesarias modificaciones en el propulsor, perdiendo potencia. Para suplir esto, se volvi\u00f3 al <strong>encendido screamer,<\/strong> lo que manten\u00eda la potencia por encima de los 180CV.<\/p>\n<\/div>\n<div class=\"mod-der col-12 col-md-5\">\n<div class=\"mod-twitter\">\n              <a href=\"http:\/\/twitter.com\/share?text=La%20NSR500%20es%20uno%20de%20las%20grandes%20m%C3%A1quinas%20de%20la%20historia%20del%20equipo&amp;url=http:\/\/bit.ly\/1rQubIF\" title=\"Compartir en Twitter\" target=\"_blank\" rel=\"noopener\">La NSR500 es uno de las grandes m\u00e1quinas de la historia del equipo<\/a><br \/>\n<a href=\"http:\/\/twitter.com\/share?text=La%20NSR500%20es%20uno%20de%20las%20grandes%20m%C3%A1quinas%20de%20la%20historia%20del%20equipo&amp;url=http:\/\/bit.ly\/1rQubIF\" title=\"Compartir en Twitter\" class=\"twitter-share-button\">Compartir<\/a><\/div>\n<p>Era una moto agresiva, id\u00f3nea para Doohan. Pero Crivill\u00e9 lleg\u00f3 para demostrar que el australiano no iba a ser el \u00fanico. En plena etapa final de la NSR500, logr\u00f3 el ansiado T\u00edtulo Mundial.<\/p>\n<\/div>\n<\/div>\n<div class=\"col-der col-10 col-md-4\">\n<h3><img decoding=\"async\" src=\"http:\/\/pre.boxrepsol.com\/wp-content\/themes\/theme-boxrepsol-child\/static\/images\/motos-campeonas\/txt-palmares.png\" alt=\"Palmar\u00e9s\"><\/h3>\n<ul>\n<li>Campeonatos Mundiales: <strong>1<\/strong><\/li>\n<li>Victorias con Crivill\u00e9 (1999): <strong>6<\/strong><\/li>\n<li>Podios con Crivill\u00e9 (1999): <strong>10<\/strong><\/li>\n<\/ul>\n<\/div>\n<\/div>\n<\/div>\n<\/div>\n","protected":false},"excerpt":{"rendered":"<p>Doohan Crivill\u00e9 Rossi Hayden Stoner M\u00e1rquez Honda NSR 500 (1999) Adem\u00e1s de Mick Doohan, si hay otro piloto que el aficionado relaciona con la NSR500, ese es \u00c1lex Crivill\u00e9. Su T\u00edtulo Mundial, en el 99, supuso un hito hist\u00f3rico para el motociclismo espa\u00f1ol. As\u00ed se gest\u00f3 la moto campeona de Crivill\u00e9: Cuando \u00c1lex Crivill\u00e9 comenz\u00f3 [&hellip;]<\/p>\n","protected":false},"author":1,"featured_media":0,"parent":3747,"menu_order":0,"comment_status":"closed","ping_status":"closed","template":"","meta":{"footnotes":""},"class_list":["post-3751","page","type-page","status-publish","hentry"],"yoast_head":"<!-- This site is optimized with the Yoast SEO plugin v27.2 - https:\/\/yoast.com\/product\/yoast-seo-wordpress\/ -->\n<title>NSR 500 Crivill\u00e9 - Box Repsol<\/title>\n<link rel=\"canonical\" href=\"http:\/\/pre.boxrepsol.com\/es\/las-6-motos-campeonas-del-mundo\/nsr500-criville\/\" \/>\n<meta property=\"og:locale\" content=\"es_ES\" \/>\n<meta property=\"og:type\" content=\"article\" \/>\n<meta property=\"og:title\" content=\"NSR 500 Crivill\u00e9 - Box Repsol\" \/>\n<meta property=\"og:description\" content=\"Doohan Crivill\u00e9 Rossi Hayden Stoner M\u00e1rquez Honda NSR 500 (1999) Adem\u00e1s de Mick Doohan, si hay otro piloto que el aficionado relaciona con la NSR500, ese es \u00c1lex Crivill\u00e9. Su T\u00edtulo Mundial, en el 99, supuso un hito hist\u00f3rico para el motociclismo espa\u00f1ol. As\u00ed se gest\u00f3 la moto campeona de Crivill\u00e9: Cuando \u00c1lex Crivill\u00e9 comenz\u00f3 [&hellip;]\" \/>\n<meta property=\"og:url\" content=\"http:\/\/pre.boxrepsol.com\/es\/las-6-motos-campeonas-del-mundo\/nsr500-criville\/\" \/>\n<meta property=\"og:site_name\" content=\"Box Repsol\" \/>\n<meta property=\"article:publisher\" content=\"https:\/\/www.facebook.com\/BoxRepsol\" \/>\n<meta property=\"article:modified_time\" content=\"2022-09-20T07:40:27+00:00\" \/>\n<meta name=\"twitter:card\" content=\"summary_large_image\" \/>\n<meta name=\"twitter:site\" content=\"@box_repsol\" \/>\n<meta name=\"twitter:label1\" content=\"Est. reading time\" \/>\n\t<meta name=\"twitter:data1\" content=\"1 minuto\" \/>\n<script type=\"application\/ld+json\" class=\"yoast-schema-graph\">{\"@context\":\"https:\/\/schema.org\",\"@graph\":[{\"@type\":\"WebPage\",\"@id\":\"http:\/\/pre.boxrepsol.com\/es\/las-6-motos-campeonas-del-mundo\/nsr500-criville\/\",\"url\":\"http:\/\/pre.boxrepsol.com\/es\/las-6-motos-campeonas-del-mundo\/nsr500-criville\/\",\"name\":\"NSR 500 Crivill\u00e9 - Box Repsol\",\"isPartOf\":{\"@id\":\"http:\/\/pre.boxrepsol.com\/es\/#website\"},\"datePublished\":\"2017-05-04T02:00:00+00:00\",\"dateModified\":\"2022-09-20T07:40:27+00:00\",\"breadcrumb\":{\"@id\":\"http:\/\/pre.boxrepsol.com\/es\/las-6-motos-campeonas-del-mundo\/nsr500-criville\/#breadcrumb\"},\"inLanguage\":\"es\",\"potentialAction\":[{\"@type\":\"ReadAction\",\"target\":[\"http:\/\/pre.boxrepsol.com\/es\/las-6-motos-campeonas-del-mundo\/nsr500-criville\/\"]}]},{\"@type\":\"BreadcrumbList\",\"@id\":\"http:\/\/pre.boxrepsol.com\/es\/las-6-motos-campeonas-del-mundo\/nsr500-criville\/#breadcrumb\",\"itemListElement\":[{\"@type\":\"ListItem\",\"position\":1,\"name\":\"Home\",\"item\":\"http:\/\/pre.boxrepsol.com\/es\/\"},{\"@type\":\"ListItem\",\"position\":2,\"name\":\"Las 6 motos Campeonas del Mundo\",\"item\":\"http:\/\/pre.boxrepsol.com\/es\/las-6-motos-campeonas-del-mundo\/\"},{\"@type\":\"ListItem\",\"position\":3,\"name\":\"NSR 500 Crivill\u00e9\"}]},{\"@type\":\"WebSite\",\"@id\":\"http:\/\/pre.boxrepsol.com\/es\/#website\",\"url\":\"http:\/\/pre.boxrepsol.com\/es\/\",\"name\":\"Box Repsol\",\"description\":\"Box Repsol Site\",\"publisher\":{\"@id\":\"http:\/\/pre.boxrepsol.com\/es\/#organization\"},\"potentialAction\":[{\"@type\":\"SearchAction\",\"target\":{\"@type\":\"EntryPoint\",\"urlTemplate\":\"http:\/\/pre.boxrepsol.com\/es\/?s={search_term_string}\"},\"query-input\":{\"@type\":\"PropertyValueSpecification\",\"valueRequired\":true,\"valueName\":\"search_term_string\"}}],\"inLanguage\":\"es\"},{\"@type\":\"Organization\",\"@id\":\"http:\/\/pre.boxrepsol.com\/es\/#organization\",\"name\":\"Box Repsol\",\"url\":\"http:\/\/pre.boxrepsol.com\/es\/\",\"logo\":{\"@type\":\"ImageObject\",\"inLanguage\":\"es\",\"@id\":\"http:\/\/pre.boxrepsol.com\/es\/#\/schema\/logo\/image\/\",\"url\":\"http:\/\/bxrepsol-pre.s3.eu-west-1.amazonaws.com\/static\/2022\/07\/11064028\/icon.png\",\"contentUrl\":\"http:\/\/bxrepsol-pre.s3.eu-west-1.amazonaws.com\/static\/2022\/07\/11064028\/icon.png\",\"width\":192,\"height\":192,\"caption\":\"Box Repsol\"},\"image\":{\"@id\":\"http:\/\/pre.boxrepsol.com\/es\/#\/schema\/logo\/image\/\"},\"sameAs\":[\"https:\/\/www.facebook.com\/BoxRepsol\",\"https:\/\/x.com\/box_repsol\"]}]}<\/script>\n<!-- \/ Yoast SEO plugin. -->","yoast_head_json":{"title":"NSR 500 Crivill\u00e9 - Box Repsol","canonical":"http:\/\/pre.boxrepsol.com\/es\/las-6-motos-campeonas-del-mundo\/nsr500-criville\/","og_locale":"es_ES","og_type":"article","og_title":"NSR 500 Crivill\u00e9 - Box Repsol","og_description":"Doohan Crivill\u00e9 Rossi Hayden Stoner M\u00e1rquez Honda NSR 500 (1999) Adem\u00e1s de Mick Doohan, si hay otro piloto que el aficionado relaciona con la NSR500, ese es \u00c1lex Crivill\u00e9. Su T\u00edtulo Mundial, en el 99, supuso un hito hist\u00f3rico para el motociclismo espa\u00f1ol. As\u00ed se gest\u00f3 la moto campeona de Crivill\u00e9: Cuando \u00c1lex Crivill\u00e9 comenz\u00f3 [&hellip;]","og_url":"http:\/\/pre.boxrepsol.com\/es\/las-6-motos-campeonas-del-mundo\/nsr500-criville\/","og_site_name":"Box Repsol","article_publisher":"https:\/\/www.facebook.com\/BoxRepsol","article_modified_time":"2022-09-20T07:40:27+00:00","twitter_card":"summary_large_image","twitter_site":"@box_repsol","twitter_misc":{"Est. reading time":"1 minuto"},"schema":{"@context":"https:\/\/schema.org","@graph":[{"@type":"WebPage","@id":"http:\/\/pre.boxrepsol.com\/es\/las-6-motos-campeonas-del-mundo\/nsr500-criville\/","url":"http:\/\/pre.boxrepsol.com\/es\/las-6-motos-campeonas-del-mundo\/nsr500-criville\/","name":"NSR 500 Crivill\u00e9 - Box Repsol","isPartOf":{"@id":"http:\/\/pre.boxrepsol.com\/es\/#website"},"datePublished":"2017-05-04T02:00:00+00:00","dateModified":"2022-09-20T07:40:27+00:00","breadcrumb":{"@id":"http:\/\/pre.boxrepsol.com\/es\/las-6-motos-campeonas-del-mundo\/nsr500-criville\/#breadcrumb"},"inLanguage":"es","potentialAction":[{"@type":"ReadAction","target":["http:\/\/pre.boxrepsol.com\/es\/las-6-motos-campeonas-del-mundo\/nsr500-criville\/"]}]},{"@type":"BreadcrumbList","@id":"http:\/\/pre.boxrepsol.com\/es\/las-6-motos-campeonas-del-mundo\/nsr500-criville\/#breadcrumb","itemListElement":[{"@type":"ListItem","position":1,"name":"Home","item":"http:\/\/pre.boxrepsol.com\/es\/"},{"@type":"ListItem","position":2,"name":"Las 6 motos Campeonas del Mundo","item":"http:\/\/pre.boxrepsol.com\/es\/las-6-motos-campeonas-del-mundo\/"},{"@type":"ListItem","position":3,"name":"NSR 500 Crivill\u00e9"}]},{"@type":"WebSite","@id":"http:\/\/pre.boxrepsol.com\/es\/#website","url":"http:\/\/pre.boxrepsol.com\/es\/","name":"Box Repsol","description":"Box Repsol Site","publisher":{"@id":"http:\/\/pre.boxrepsol.com\/es\/#organization"},"potentialAction":[{"@type":"SearchAction","target":{"@type":"EntryPoint","urlTemplate":"http:\/\/pre.boxrepsol.com\/es\/?s={search_term_string}"},"query-input":{"@type":"PropertyValueSpecification","valueRequired":true,"valueName":"search_term_string"}}],"inLanguage":"es"},{"@type":"Organization","@id":"http:\/\/pre.boxrepsol.com\/es\/#organization","name":"Box Repsol","url":"http:\/\/pre.boxrepsol.com\/es\/","logo":{"@type":"ImageObject","inLanguage":"es","@id":"http:\/\/pre.boxrepsol.com\/es\/#\/schema\/logo\/image\/","url":"http:\/\/bxrepsol-pre.s3.eu-west-1.amazonaws.com\/static\/2022\/07\/11064028\/icon.png","contentUrl":"http:\/\/bxrepsol-pre.s3.eu-west-1.amazonaws.com\/static\/2022\/07\/11064028\/icon.png","width":192,"height":192,"caption":"Box Repsol"},"image":{"@id":"http:\/\/pre.boxrepsol.com\/es\/#\/schema\/logo\/image\/"},"sameAs":["https:\/\/www.facebook.com\/BoxRepsol","https:\/\/x.com\/box_repsol"]}]}},"_links":{"self":[{"href":"http:\/\/pre.boxrepsol.com\/es\/wp-json\/wp\/v2\/pages\/3751","targetHints":{"allow":["GET"]}}],"collection":[{"href":"http:\/\/pre.boxrepsol.com\/es\/wp-json\/wp\/v2\/pages"}],"about":[{"href":"http:\/\/pre.boxrepsol.com\/es\/wp-json\/wp\/v2\/types\/page"}],"author":[{"embeddable":true,"href":"http:\/\/pre.boxrepsol.com\/es\/wp-json\/wp\/v2\/users\/1"}],"replies":[{"embeddable":true,"href":"http:\/\/pre.boxrepsol.com\/es\/wp-json\/wp\/v2\/comments?post=3751"}],"version-history":[{"count":2,"href":"http:\/\/pre.boxrepsol.com\/es\/wp-json\/wp\/v2\/pages\/3751\/revisions"}],"predecessor-version":[{"id":69124,"href":"http:\/\/pre.boxrepsol.com\/es\/wp-json\/wp\/v2\/pages\/3751\/revisions\/69124"}],"up":[{"embeddable":true,"href":"http:\/\/pre.boxrepsol.com\/es\/wp-json\/wp\/v2\/pages\/3747"}],"wp:attachment":[{"href":"http:\/\/pre.boxrepsol.com\/es\/wp-json\/wp\/v2\/media?parent=3751"}],"curies":[{"name":"wp","href":"https:\/\/api.w.org\/{rel}","templated":true}]}}