{"id":3759,"date":"2017-05-04T00:00:00","date_gmt":"2017-05-04T02:00:00","guid":{"rendered":"http:\/\/pre.boxrepsol.com\/rc213v-marquez\/"},"modified":"2022-09-20T05:50:54","modified_gmt":"2022-09-20T07:50:54","slug":"rc213v-marquez","status":"publish","type":"page","link":"http:\/\/pre.boxrepsol.com\/es\/las-6-motos-campeonas-del-mundo\/rc213v-marquez\/","title":{"rendered":"RC213V M\u00e1rquez"},"content":{"rendered":"<div id=\"cont-motos-leyenda\" class=\"ficha-moto estirar\">\n<p>    <!-- ====== CABECERA DE LA FICHA ===== --><\/p>\n<div class=\"cab-ficha estirar\">\n<h2>\n            <a href=\"\/las-6-motos-campeonas-del-mundo\/\" title=\"Las 6 motos campeonas del mundo\"><img decoding=\"async\" src=\"http:\/\/pre.boxrepsol.com\/wp-content\/themes\/theme-boxrepsol-child\/static\/images\/motos-campeonas\/titular-6-motos-campeonas.png\" alt=\"Las 6 Motos campeonas del mundo\"><\/a><\/h2>\n<ul class=\"nav-motos estirar\">\n<li class=\"me-3 me-md-0 ms-2 ms-md-0\">\n<a class=\"relmob\" href=\"\/las-6-motos-campeonas-del-mundo\/nsr500-doohan\/\" title=\"Repsol Honda NSR 500\" target=\"_top\" rel=\"noopener\"><span>Doohan<\/span><img decoding=\"async\" src=\"http:\/\/pre.boxrepsol.com\/wp-content\/themes\/theme-boxrepsol-child\/static\/images\/motos-campeonas\/motos\/min\/moto_02.png\" title=\"Repsol Honda NSR 500\" alt=\"La moto de Mick Doohan\"><br \/>\n<\/a><\/li>\n<li class=\"me-3 me-md-0 ms-2 ms-md-0\">\n<a class=\"relmob\" href=\"\/las-6-motos-campeonas-del-mundo\/nsr500-criville\/\" title=\"Repsol Honda NSR 500\" target=\"_top\" rel=\"noopener\"><span>Crivill\u00e9<\/span><img decoding=\"async\" src=\"http:\/\/pre.boxrepsol.com\/wp-content\/themes\/theme-boxrepsol-child\/static\/images\/motos-campeonas\/motos\/min\/moto_01.png\" title=\"Repsol Honda NSR 500\" alt=\"La moto de \u00c1lex Crivill\u00e9\"><\/a><\/li>\n<li class=\"me-3 me-md-0 ms-2 ms-md-0\">\n<a class=\"relmob\" href=\"\/las-6-motos-campeonas-del-mundo\/rc211v-rossi\/\" title=\"Repsol Honda RC211V\" target=\"_top\" rel=\"noopener\"><span>Rossi<\/span><img decoding=\"async\" src=\"http:\/\/pre.boxrepsol.com\/wp-content\/themes\/theme-boxrepsol-child\/static\/images\/motos-campeonas\/motos\/min\/moto_05.png\" title=\"Repsol Honda RC211V\" alt=\"La moto de Valentino Rossi\"><\/a><\/li>\n<li class=\"me-3 me-md-0 ms-2 ms-md-0\">\n<a class=\"relmob\" href=\"\/las-6-motos-campeonas-del-mundo\/rc211v-hayden\/\" title=\"Repsol Honda RC211V\" target=\"_top\" rel=\"noopener\"><span>Hayden<\/span><img decoding=\"async\" src=\"http:\/\/pre.boxrepsol.com\/wp-content\/themes\/theme-boxrepsol-child\/static\/images\/motos-campeonas\/motos\/min\/moto_03.png\" title=\"Repsol Honda RC211V\" alt=\"La moto de Nicky Hayden\"><br \/>\n<\/a><\/li>\n<li class=\"me-3 me-md-0 ms-2 ms-md-0\">\n<a class=\"relmob\" href=\"\/las-6-motos-campeonas-del-mundo\/rc212v-stoner\/\" title=\"Repsol Honda RC212V\" target=\"_top\" rel=\"noopener\"><span>Stoner<\/span><img decoding=\"async\" src=\"http:\/\/pre.boxrepsol.com\/wp-content\/themes\/theme-boxrepsol-child\/static\/images\/motos-campeonas\/motos\/min\/moto_06.png\" title=\"Repsol Honda RC212V\" alt=\"La moto de Casey Stoner\"><br \/>\n<\/a><\/li>\n<li class=\"me-3 me-md-0 ms-2 ms-md-0\">\n<a class=\"relmob active\" href=\"\/las-6-motos-campeonas-del-mundo\/rc213v-marquez\/\" title=\"Repsol Honda RC213V\" target=\"_top\" rel=\"noopener\"><span>M\u00e1rquez<\/span><img decoding=\"async\" src=\"http:\/\/pre.boxrepsol.com\/wp-content\/themes\/theme-boxrepsol-child\/static\/images\/motos-campeonas\/motos\/min\/moto_04.png\" title=\"Repsol Honda RC213V \" alt=\"La moto de Marc M\u00e1rquez\"><br \/>\n<\/a><\/li>\n<\/ul>\n<\/div>\n<p><!-- ====== CABECERA DE LA FICHA ===== --><\/p>\n<div class=\"cont-ficha\">\n<div class=\"detalles-ficha\">\n<h3>Honda <strong>RC213V<\/strong> (2013, 2014, 2016, 2017, 2018 y 2019)<\/h3>\n<p>En la temporada 2013, Marc M\u00e1rquez daba el salto a MotoGP tras lograr el t\u00edtulo en Moto2 de la mano de Repsol. Formaba as\u00ed un <strong>equipo de ensue\u00f1o con Dani Pedrosa<\/strong>. Con la RC213V, Marc logr\u00f3 el t\u00edtulo en su a\u00f1o &#8216;rookie&#8217; y ha repetido logro en 2014, 2016, 2017, 2018 y 2019.<\/p>\n<\/div>\n<div class=\"galeria estirar\">\n<div class=\"\">\n<div class=\"foto\"><a id=\"zoom\" class=\"push__datalayer\" title=\"Repsol Honda RC213V\" href=\"http:\/\/pre.boxrepsol.com\/wp-content\/themes\/theme-boxrepsol-child\/static\/images\/motos-campeonas\/motos\/marquez\/grandes\/01.jpg\" data-gallery=\"\"><br \/>\n<img decoding=\"async\" src=\"http:\/\/pre.boxrepsol.com\/wp-content\/themes\/theme-boxrepsol-child\/static\/images\/motos-campeonas\/motos\/marquez\/01.png\" alt=\"Repsol Honda RC213V\"><br \/>\n<\/a><\/div>\n<\/div>\n<div class=\"\">\n<ul>\n<li><a class=\"replace-zoom\" title=\"Repsol Honda RC213V\" href=\"#\" rel=\"nofollow\" data-image-src=\"http:\/\/pre.boxrepsol.com\/wp-content\/themes\/theme-boxrepsol-child\/static\/images\/motos-campeonas\/motos\/marquez\/01.png\" data-image-zoom=\"http:\/\/pre.boxrepsol.com\/wp-content\/themes\/theme-boxrepsol-child\/static\/images\/motos-campeonas\/motos\/marquez\/grandes\/01.jpg\"><img decoding=\"async\" title=\"Repsol Honda RC213V\" src=\"http:\/\/pre.boxrepsol.com\/wp-content\/themes\/theme-boxrepsol-child\/static\/images\/motos-campeonas\/motos\/marquez\/mini\/01.jpg\" alt=\"Vista lateral de la moto\"><\/a><\/li>\n<li><a class=\"replace-zoom\" title=\"Repsol Honda RC213V\" href=\"#\" rel=\"nofollow\" data-image-src=\"http:\/\/pre.boxrepsol.com\/wp-content\/themes\/theme-boxrepsol-child\/static\/images\/motos-campeonas\/motos\/marquez\/02.png\" data-image-zoom=\"http:\/\/pre.boxrepsol.com\/wp-content\/themes\/theme-boxrepsol-child\/static\/images\/motos-campeonas\/motos\/marquez\/grandes\/02.jpg\"><img decoding=\"async\" title=\"Repsol Honda RC213V\" src=\"http:\/\/pre.boxrepsol.com\/wp-content\/themes\/theme-boxrepsol-child\/static\/images\/motos-campeonas\/motos\/marquez\/mini\/02.jpg\" alt=\"Vista trasera de la moto\"><\/a><\/li>\n<li class=\"no-margin\"><a class=\"replace-zoom\" title=\"Repsol Honda RC213V\" href=\"#\" rel=\"nofollow\" data-image-src=\"http:\/\/pre.boxrepsol.com\/wp-content\/themes\/theme-boxrepsol-child\/static\/images\/motos-campeonas\/motos\/marquez\/03.png\" data-image-zoom=\"http:\/\/pre.boxrepsol.com\/wp-content\/themes\/theme-boxrepsol-child\/static\/images\/motos-campeonas\/motos\/marquez\/grandes\/03.jpg\"><img decoding=\"async\" title=\"Repsol Honda RC213V\" src=\"http:\/\/pre.boxrepsol.com\/wp-content\/themes\/theme-boxrepsol-child\/static\/images\/motos-campeonas\/motos\/marquez\/mini\/03.jpg\" alt=\"Detalle frontal de la moto\"><\/a><\/li>\n<li><a class=\"replace-zoom\" title=\"Repsol Honda RC213V\" href=\"#\" rel=\"nofollow\" data-image-src=\"http:\/\/pre.boxrepsol.com\/wp-content\/themes\/theme-boxrepsol-child\/static\/images\/motos-campeonas\/motos\/marquez\/04.png\" data-image-zoom=\"http:\/\/pre.boxrepsol.com\/wp-content\/themes\/theme-boxrepsol-child\/static\/images\/motos-campeonas\/motos\/marquez\/grandes\/04.jpg\"><img decoding=\"async\" title=\"Repsol Honda RC213V\" src=\"http:\/\/pre.boxrepsol.com\/wp-content\/themes\/theme-boxrepsol-child\/static\/images\/motos-campeonas\/motos\/marquez\/mini\/04.jpg\" alt=\"Detalle trasera de la moto\"><\/a><\/li>\n<li><a class=\"replace-zoom\" title=\"Repsol Honda RC213V\" href=\"#\" rel=\"nofollow\" data-image-src=\"http:\/\/pre.boxrepsol.com\/wp-content\/themes\/theme-boxrepsol-child\/static\/images\/motos-campeonas\/motos\/marquez\/05.png\" data-image-zoom=\"http:\/\/pre.boxrepsol.com\/wp-content\/themes\/theme-boxrepsol-child\/static\/images\/motos-campeonas\/motos\/marquez\/grandes\/05.jpg\"><img decoding=\"async\" title=\"Repsol Honda RC213V\" src=\"http:\/\/pre.boxrepsol.com\/wp-content\/themes\/theme-boxrepsol-child\/static\/images\/motos-campeonas\/motos\/marquez\/mini\/05.jpg\" alt=\"Detalle del tubo de escape de la moto\"><\/a><\/li>\n<li class=\"no-margin\"><a class=\"replace-zoom\" title=\"Repsol Honda RC213V\" href=\"#\" rel=\"nofollow\" data-image-src=\"http:\/\/pre.boxrepsol.com\/wp-content\/themes\/theme-boxrepsol-child\/static\/images\/motos-campeonas\/motos\/marquez\/06.png\" data-image-zoom=\"http:\/\/pre.boxrepsol.com\/wp-content\/themes\/theme-boxrepsol-child\/static\/images\/motos-campeonas\/motos\/marquez\/grandes\/06.jpg\"><img decoding=\"async\" title=\"Repsol Honda RC213V\" src=\"http:\/\/pre.boxrepsol.com\/wp-content\/themes\/theme-boxrepsol-child\/static\/images\/motos-campeonas\/motos\/marquez\/mini\/06.jpg\" alt=\"Detalle de la rueda de la moto\"><\/a><\/li>\n<\/ul>\n<\/div>\n<\/div>\n<div class=\"mas-info estirar d-flex flex-wrap justify-content-center ms-4 ms-md-0 me-4 me-md-0\">\n<div class=\"col-izq col-12 col-md-8 row\">\n<h3 class=\"col-12 col-md-8\">As\u00ed se gest\u00f3 la moto campeona de M\u00e1rquez:<\/h3>\n<div class=\"mod-izq col-12 col-md-6\">\n<p>Con la nueva normativa permitiendo hasta 1000cc, Honda trabaja duro para crear un nuevo V4 en esa cilindrada, usando materiales de \u00faltima generaci\u00f3n y el sistema de v\u00e1lvulas neum\u00e1ticas. <strong>Gracias a la investigaci\u00f3n y desarrollos conjuntos entre Honda y Repsol<\/strong>, la potencia se incrementa y supera los 240 caballos pese a las limitaciones en la capacidad del dep\u00f3sito de combustible.<\/p>\n<\/div>\n<div class=\"mod-der col-12 col-md-5\">\n<div class=\"mod-twitter\"><a title=\"Compartir en Twitter\" href=\"http:\/\/twitter.com\/share?text=Con%20la%20RC213V%20Marc%20fue%20Campe%C3%B3n%20del%20Mundo%20en%202013%20y%20ha%20repetido%20en%202014&amp;url=http:\/\/bit.ly\/1CIiDed\" target=\"_blank\" rel=\"noopener\">Con la RC213V Marc fue Campe\u00f3n del Mundo en 2013 y ha repetido en 2014, 2016, 2017, 2018 y 2019.<\/a><br \/>\n<a class=\"twitter-share-button\" title=\"Compartir en Twitter\" href=\"http:\/\/twitter.com\/share?text=Con%20la%20RC213V%20Marc%20fue%20Campe%C3%B3n%20del%20Mundo%20en%202013%20y%20ha%20repetido%20en%202014&amp;url=http:\/\/bit.ly\/1CIiDed\" target=\"_blank\" rel=\"noopener\">Compartir<\/a><\/div>\n<p>Esto, junto a un redise\u00f1o del chasis y mejoras en el cambio, dan lugar a una moto que se comporta bien en pr\u00e1cticamente todas las circunstancias y circuitos.<\/p>\n<\/div>\n<\/div>\n<div class=\"col-der col-10 col-md-4\">\n<h3><img decoding=\"async\" src=\"http:\/\/pre.boxrepsol.com\/wp-content\/themes\/theme-boxrepsol-child\/static\/images\/motos-campeonas\/txt-palmares.png\" alt=\"Palmar\u00e9s\"><\/h3>\n<ul>\n<li>Campeonatos Mundiales (2013, 2014, 2016, 2017, 2018 y 2019): <strong>6<\/strong><\/li>\n<li>Victorias con M\u00e1rquez (2013-2021): <strong>59<\/strong><\/li>\n<li>Podios con M\u00e1rquez (2013-2021): <strong>99<\/strong><\/li>\n<\/ul>\n<\/div>\n<\/div>\n<\/div>\n<\/div>\n","protected":false},"excerpt":{"rendered":"<p>Doohan Crivill\u00e9 Rossi Hayden Stoner M\u00e1rquez Honda RC213V (2013, 2014, 2016, 2017, 2018 y 2019) En la temporada 2013, Marc M\u00e1rquez daba el salto a MotoGP tras lograr el t\u00edtulo en Moto2 de la mano de Repsol. Formaba as\u00ed un equipo de ensue\u00f1o con Dani Pedrosa. Con la RC213V, Marc logr\u00f3 el t\u00edtulo en su [&hellip;]<\/p>\n","protected":false},"author":1,"featured_media":0,"parent":3747,"menu_order":0,"comment_status":"closed","ping_status":"closed","template":"","meta":{"footnotes":""},"class_list":["post-3759","page","type-page","status-publish","hentry"],"yoast_head":"<!-- This site is optimized with the Yoast SEO plugin v27.2 - https:\/\/yoast.com\/product\/yoast-seo-wordpress\/ -->\n<title>RC213V M\u00e1rquez - Box Repsol<\/title>\n<link rel=\"canonical\" href=\"http:\/\/pre.boxrepsol.com\/es\/las-6-motos-campeonas-del-mundo\/rc213v-marquez\/\" \/>\n<meta property=\"og:locale\" content=\"es_ES\" \/>\n<meta property=\"og:type\" content=\"article\" \/>\n<meta property=\"og:title\" content=\"RC213V M\u00e1rquez - Box Repsol\" \/>\n<meta property=\"og:description\" content=\"Doohan Crivill\u00e9 Rossi Hayden Stoner M\u00e1rquez Honda RC213V (2013, 2014, 2016, 2017, 2018 y 2019) En la temporada 2013, Marc M\u00e1rquez daba el salto a MotoGP tras lograr el t\u00edtulo en Moto2 de la mano de Repsol. Formaba as\u00ed un equipo de ensue\u00f1o con Dani Pedrosa. Con la RC213V, Marc logr\u00f3 el t\u00edtulo en su [&hellip;]\" \/>\n<meta property=\"og:url\" content=\"http:\/\/pre.boxrepsol.com\/es\/las-6-motos-campeonas-del-mundo\/rc213v-marquez\/\" \/>\n<meta property=\"og:site_name\" content=\"Box Repsol\" \/>\n<meta property=\"article:publisher\" content=\"https:\/\/www.facebook.com\/BoxRepsol\" \/>\n<meta property=\"article:modified_time\" content=\"2022-09-20T07:50:54+00:00\" \/>\n<meta name=\"twitter:card\" content=\"summary_large_image\" \/>\n<meta name=\"twitter:site\" content=\"@box_repsol\" \/>\n<meta name=\"twitter:label1\" content=\"Est. reading time\" \/>\n\t<meta name=\"twitter:data1\" content=\"1 minuto\" \/>\n<script type=\"application\/ld+json\" class=\"yoast-schema-graph\">{\"@context\":\"https:\/\/schema.org\",\"@graph\":[{\"@type\":\"WebPage\",\"@id\":\"http:\/\/pre.boxrepsol.com\/es\/las-6-motos-campeonas-del-mundo\/rc213v-marquez\/\",\"url\":\"http:\/\/pre.boxrepsol.com\/es\/las-6-motos-campeonas-del-mundo\/rc213v-marquez\/\",\"name\":\"RC213V M\u00e1rquez - Box Repsol\",\"isPartOf\":{\"@id\":\"http:\/\/pre.boxrepsol.com\/es\/#website\"},\"datePublished\":\"2017-05-04T02:00:00+00:00\",\"dateModified\":\"2022-09-20T07:50:54+00:00\",\"breadcrumb\":{\"@id\":\"http:\/\/pre.boxrepsol.com\/es\/las-6-motos-campeonas-del-mundo\/rc213v-marquez\/#breadcrumb\"},\"inLanguage\":\"es\",\"potentialAction\":[{\"@type\":\"ReadAction\",\"target\":[\"http:\/\/pre.boxrepsol.com\/es\/las-6-motos-campeonas-del-mundo\/rc213v-marquez\/\"]}]},{\"@type\":\"BreadcrumbList\",\"@id\":\"http:\/\/pre.boxrepsol.com\/es\/las-6-motos-campeonas-del-mundo\/rc213v-marquez\/#breadcrumb\",\"itemListElement\":[{\"@type\":\"ListItem\",\"position\":1,\"name\":\"Home\",\"item\":\"http:\/\/pre.boxrepsol.com\/es\/\"},{\"@type\":\"ListItem\",\"position\":2,\"name\":\"Las 6 motos Campeonas del Mundo\",\"item\":\"http:\/\/pre.boxrepsol.com\/es\/las-6-motos-campeonas-del-mundo\/\"},{\"@type\":\"ListItem\",\"position\":3,\"name\":\"RC213V M\u00e1rquez\"}]},{\"@type\":\"WebSite\",\"@id\":\"http:\/\/pre.boxrepsol.com\/es\/#website\",\"url\":\"http:\/\/pre.boxrepsol.com\/es\/\",\"name\":\"Box Repsol\",\"description\":\"Box Repsol Site\",\"publisher\":{\"@id\":\"http:\/\/pre.boxrepsol.com\/es\/#organization\"},\"potentialAction\":[{\"@type\":\"SearchAction\",\"target\":{\"@type\":\"EntryPoint\",\"urlTemplate\":\"http:\/\/pre.boxrepsol.com\/es\/?s={search_term_string}\"},\"query-input\":{\"@type\":\"PropertyValueSpecification\",\"valueRequired\":true,\"valueName\":\"search_term_string\"}}],\"inLanguage\":\"es\"},{\"@type\":\"Organization\",\"@id\":\"http:\/\/pre.boxrepsol.com\/es\/#organization\",\"name\":\"Box Repsol\",\"url\":\"http:\/\/pre.boxrepsol.com\/es\/\",\"logo\":{\"@type\":\"ImageObject\",\"inLanguage\":\"es\",\"@id\":\"http:\/\/pre.boxrepsol.com\/es\/#\/schema\/logo\/image\/\",\"url\":\"http:\/\/bxrepsol-pre.s3.eu-west-1.amazonaws.com\/static\/2022\/07\/11064028\/icon.png\",\"contentUrl\":\"http:\/\/bxrepsol-pre.s3.eu-west-1.amazonaws.com\/static\/2022\/07\/11064028\/icon.png\",\"width\":192,\"height\":192,\"caption\":\"Box Repsol\"},\"image\":{\"@id\":\"http:\/\/pre.boxrepsol.com\/es\/#\/schema\/logo\/image\/\"},\"sameAs\":[\"https:\/\/www.facebook.com\/BoxRepsol\",\"https:\/\/x.com\/box_repsol\"]}]}<\/script>\n<!-- \/ Yoast SEO plugin. -->","yoast_head_json":{"title":"RC213V M\u00e1rquez - Box Repsol","canonical":"http:\/\/pre.boxrepsol.com\/es\/las-6-motos-campeonas-del-mundo\/rc213v-marquez\/","og_locale":"es_ES","og_type":"article","og_title":"RC213V M\u00e1rquez - Box Repsol","og_description":"Doohan Crivill\u00e9 Rossi Hayden Stoner M\u00e1rquez Honda RC213V (2013, 2014, 2016, 2017, 2018 y 2019) En la temporada 2013, Marc M\u00e1rquez daba el salto a MotoGP tras lograr el t\u00edtulo en Moto2 de la mano de Repsol. Formaba as\u00ed un equipo de ensue\u00f1o con Dani Pedrosa. Con la RC213V, Marc logr\u00f3 el t\u00edtulo en su [&hellip;]","og_url":"http:\/\/pre.boxrepsol.com\/es\/las-6-motos-campeonas-del-mundo\/rc213v-marquez\/","og_site_name":"Box Repsol","article_publisher":"https:\/\/www.facebook.com\/BoxRepsol","article_modified_time":"2022-09-20T07:50:54+00:00","twitter_card":"summary_large_image","twitter_site":"@box_repsol","twitter_misc":{"Est. reading time":"1 minuto"},"schema":{"@context":"https:\/\/schema.org","@graph":[{"@type":"WebPage","@id":"http:\/\/pre.boxrepsol.com\/es\/las-6-motos-campeonas-del-mundo\/rc213v-marquez\/","url":"http:\/\/pre.boxrepsol.com\/es\/las-6-motos-campeonas-del-mundo\/rc213v-marquez\/","name":"RC213V M\u00e1rquez - Box Repsol","isPartOf":{"@id":"http:\/\/pre.boxrepsol.com\/es\/#website"},"datePublished":"2017-05-04T02:00:00+00:00","dateModified":"2022-09-20T07:50:54+00:00","breadcrumb":{"@id":"http:\/\/pre.boxrepsol.com\/es\/las-6-motos-campeonas-del-mundo\/rc213v-marquez\/#breadcrumb"},"inLanguage":"es","potentialAction":[{"@type":"ReadAction","target":["http:\/\/pre.boxrepsol.com\/es\/las-6-motos-campeonas-del-mundo\/rc213v-marquez\/"]}]},{"@type":"BreadcrumbList","@id":"http:\/\/pre.boxrepsol.com\/es\/las-6-motos-campeonas-del-mundo\/rc213v-marquez\/#breadcrumb","itemListElement":[{"@type":"ListItem","position":1,"name":"Home","item":"http:\/\/pre.boxrepsol.com\/es\/"},{"@type":"ListItem","position":2,"name":"Las 6 motos Campeonas del Mundo","item":"http:\/\/pre.boxrepsol.com\/es\/las-6-motos-campeonas-del-mundo\/"},{"@type":"ListItem","position":3,"name":"RC213V M\u00e1rquez"}]},{"@type":"WebSite","@id":"http:\/\/pre.boxrepsol.com\/es\/#website","url":"http:\/\/pre.boxrepsol.com\/es\/","name":"Box Repsol","description":"Box Repsol Site","publisher":{"@id":"http:\/\/pre.boxrepsol.com\/es\/#organization"},"potentialAction":[{"@type":"SearchAction","target":{"@type":"EntryPoint","urlTemplate":"http:\/\/pre.boxrepsol.com\/es\/?s={search_term_string}"},"query-input":{"@type":"PropertyValueSpecification","valueRequired":true,"valueName":"search_term_string"}}],"inLanguage":"es"},{"@type":"Organization","@id":"http:\/\/pre.boxrepsol.com\/es\/#organization","name":"Box Repsol","url":"http:\/\/pre.boxrepsol.com\/es\/","logo":{"@type":"ImageObject","inLanguage":"es","@id":"http:\/\/pre.boxrepsol.com\/es\/#\/schema\/logo\/image\/","url":"http:\/\/bxrepsol-pre.s3.eu-west-1.amazonaws.com\/static\/2022\/07\/11064028\/icon.png","contentUrl":"http:\/\/bxrepsol-pre.s3.eu-west-1.amazonaws.com\/static\/2022\/07\/11064028\/icon.png","width":192,"height":192,"caption":"Box Repsol"},"image":{"@id":"http:\/\/pre.boxrepsol.com\/es\/#\/schema\/logo\/image\/"},"sameAs":["https:\/\/www.facebook.com\/BoxRepsol","https:\/\/x.com\/box_repsol"]}]}},"_links":{"self":[{"href":"http:\/\/pre.boxrepsol.com\/es\/wp-json\/wp\/v2\/pages\/3759","targetHints":{"allow":["GET"]}}],"collection":[{"href":"http:\/\/pre.boxrepsol.com\/es\/wp-json\/wp\/v2\/pages"}],"about":[{"href":"http:\/\/pre.boxrepsol.com\/es\/wp-json\/wp\/v2\/types\/page"}],"author":[{"embeddable":true,"href":"http:\/\/pre.boxrepsol.com\/es\/wp-json\/wp\/v2\/users\/1"}],"replies":[{"embeddable":true,"href":"http:\/\/pre.boxrepsol.com\/es\/wp-json\/wp\/v2\/comments?post=3759"}],"version-history":[{"count":2,"href":"http:\/\/pre.boxrepsol.com\/es\/wp-json\/wp\/v2\/pages\/3759\/revisions"}],"predecessor-version":[{"id":69129,"href":"http:\/\/pre.boxrepsol.com\/es\/wp-json\/wp\/v2\/pages\/3759\/revisions\/69129"}],"up":[{"embeddable":true,"href":"http:\/\/pre.boxrepsol.com\/es\/wp-json\/wp\/v2\/pages\/3747"}],"wp:attachment":[{"href":"http:\/\/pre.boxrepsol.com\/es\/wp-json\/wp\/v2\/media?parent=3759"}],"curies":[{"name":"wp","href":"https:\/\/api.w.org\/{rel}","templated":true}]}}